{"id":723,"date":"2026-01-09T17:05:49","date_gmt":"2026-01-09T16:05:49","guid":{"rendered":"https:\/\/jean-arcadymeyer.fr\/?page_id=723"},"modified":"2026-01-09T18:57:09","modified_gmt":"2026-01-09T17:57:09","slug":"delphes-mystere-grandeur-et-effroi-du-divin","status":"publish","type":"page","link":"https:\/\/jean-arcadymeyer.fr\/index.php\/delphes-mystere-grandeur-et-effroi-du-divin\/","title":{"rendered":"Delphes. Myst\u00e8re, Grandeur et Effroi du Divin."},"content":{"rendered":"\n<div class=\"wp-block-columns is-layout-flex wp-container-core-columns-is-layout-9d6595d7 wp-block-columns-is-layout-flex\">\n<div class=\"wp-block-column is-vertically-aligned-top is-layout-flow wp-block-column-is-layout-flow\">\n<p>Apr\u00e8s Alexandrie &#8211; lieu de savoir, de classement et de d\u00e9monstration &#8211; je me suis int\u00e9ress\u00e9 \u00e0 un autre centre majeur de l\u2019Antiquit\u00e9 et dont l\u2019ambition \u00e9tait inverse : non pas expliquer le monde, mais l\u2019interroger.<\/p>\n\n\n\n<p>L\u00e0 o\u00f9 Alexandrie cherchait \u00e0 ordonner le monde par les livres, Delphes pr\u00e9tendait l\u2019interroger par la parole. Autour de l\u2019oracle d\u2019Apollon, monuments, rites, offrandes et paysages ne relevaient pas du d\u00e9cor, mais d\u2019un dispositif destin\u00e9 \u00e0 pr\u00e9parer, encadrer et prolonger cette interrogation. L\u2019architecture r\u00e9glait l\u2019approche du dieu, les rites disposaient le consultant, les offrandes inscrivaient chaque r\u00e9ponse re\u00e7ue dans une m\u00e9moire collective, tandis que le paysage contribuait \u00e0 donner \u00e0 la parole oraculaire sa force et son autorit\u00e9.<\/p>\n\n\n\n<p><\/p>\n\n\n\n<p><\/p>\n<\/div>\n\n\n\n<div class=\"wp-block-column is-vertically-aligned-top is-layout-flow wp-block-column-is-layout-flow\">\n<figure class=\"wp-block-image size-large\"><a href=\"http:\/\/jean-arcadymeyer.fr\/wp-content\/uploads\/Couverture-LEN-scaled.jpg\"><img loading=\"lazy\" decoding=\"async\" width=\"668\" height=\"1024\" src=\"http:\/\/jean-arcadymeyer.fr\/wp-content\/uploads\/Couverture-LEN-668x1024.jpg\" alt=\"\" class=\"wp-image-724\" style=\"aspect-ratio:0.6523495381591663\" srcset=\"https:\/\/jean-arcadymeyer.fr\/wp-content\/uploads\/Couverture-LEN-668x1024.jpg 668w, https:\/\/jean-arcadymeyer.fr\/wp-content\/uploads\/Couverture-LEN-196x300.jpg 196w, https:\/\/jean-arcadymeyer.fr\/wp-content\/uploads\/Couverture-LEN-768x1177.jpg 768w, https:\/\/jean-arcadymeyer.fr\/wp-content\/uploads\/Couverture-LEN-1002x1536.jpg 1002w, https:\/\/jean-arcadymeyer.fr\/wp-content\/uploads\/Couverture-LEN-1337x2048.jpg 1337w, https:\/\/jean-arcadymeyer.fr\/wp-content\/uploads\/Couverture-LEN-scaled.jpg 1671w\" sizes=\"auto, (max-width: 668px) 100vw, 668px\" \/><\/a><\/figure>\n<\/div>\n<\/div>\n\n\n\n<div class=\"wp-block-columns is-layout-flex wp-container-core-columns-is-layout-9d6595d7 wp-block-columns-is-layout-flex\">\n<div class=\"wp-block-column is-layout-flow wp-block-column-is-layout-flow\" style=\"flex-basis:100%\">\n<p>C\u2019est ce syst\u00e8me intellectuel et religieux d\u2019une coh\u00e9rence remarquable \u2013 caract\u00e9ris\u00e9 par le myst\u00e8re, la grandeur et l\u2019effroi du divin \u2013 que ce livre explore.<\/p>\n<\/div>\n<\/div>\n\n\n\n<p><strong>Pr\u00e9sentation<\/strong><\/p>\n\n\n\n<p>Accroch\u00e9 aux flancs du Parnasse, baign\u00e9 des eaux de Castalie, le site de Delphes a \u00e9t\u00e9 consid\u00e9r\u00e9 pendant plus d\u2019un mill\u00e9naire comme le centre du monde. Lieu de lumi\u00e8re et d\u2019ambigu\u00eft\u00e9, de beaut\u00e9 et de vertige, il n&rsquo;a pas seulement structur\u00e9 la civilisation grecque antique, il a contribu\u00e9 \u00e0 fa\u00e7onner durablement l\u2019h\u00e9ritage spirituel et culturel de l\u2019humanit\u00e9.<\/p>\n\n\n\n<p>Ce livre explore les montagnes, les sources, les grottes et les cit\u00e9s voisines de Delphes pour saisir comment g\u00e9ographie, mythe et histoire se sont nou\u00e9s ici dans une alliance unique. Il d\u00e9crit comment l&rsquo;Ecole fran\u00e7aise d&rsquo;Ath\u00e8nes a fini par acqu\u00e9rir le droit de fouiller le site et quelles \u0153uvres majeures de l\u2019art grec y ont \u00e9t\u00e9 d\u00e9couvertes. Il traite enfin du myst\u00e8re central\u2014l\u2019oracle d&rsquo;Apollon. Interrogeant les rites, les f\u00eates et la voix de la Pythie, il suit le consultant dans sa qu\u00eate et montre comment le dieu visait moins \u00e0 r\u00e9v\u00e9ler l&rsquo;avenir qu&rsquo;\u00e0 orienter les consciences. Sa parole\u2014qui devait \u00eatre interpr\u00e9t\u00e9e et m\u00e9dit\u00e9e\u2014pr\u00e9parait \u00e0 la transformation int\u00e9rieure et \u00e0 l&rsquo;accomplissement du c\u00e9l\u00e8bre \u00ab\u00a0Connais-toi toi-m\u00eame\u00a0\u00bb delphique.<\/p>\n\n\n\n<p>\u00c0 Delphes, le divin n\u2019\u00e9tait jamais lisse, jamais tranquille, toujours sublime et parfois terrible. Entre histoire et mythe, entre beaut\u00e9 et terreur sacr\u00e9e, cet ouvrage fait revivre l\u2019un des lieux les plus fascinants de l\u2019Antiquit\u00e9\u2014non comme un mus\u00e9e \u00e0 ciel ouvert, mais comme une \u00e9nigme encore active, qui ne cesse de nous interroger.<\/p>\n\n\n\n<p><strong>Disponibilit\u00e9<\/strong><\/p>\n\n\n\n<p>Ce texte de 488 pages et 103 figures a \u00e9t\u00e9 publi\u00e9 aux <a href=\"https:\/\/www.leseditionsdunet.com\/\">Editions du Net<\/a>. Il est \u00e9galement possible de se le procurer depuis les principales librairies en ligne (Amazon, Fnac, etc).<\/p>\n\n\n\n<p><strong>Contenu<\/strong><\/p>\n\n\n\n<p>Ce livre est compos\u00e9 en trois parties.<\/p>\n\n\n\n<p>La premi\u00e8re d\u00e9crit dans quel contexte g\u00e9ographique, mythologique et historique le site de Delphes est apparu, s&rsquo;est d\u00e9velopp\u00e9 et a disparu. Elle \u00e9voque les myst\u00e8res qui entourent l&rsquo;Antre corycien et les hauteurs du Parnasse, les batailles qui ont marqu\u00e9 l&rsquo;Histoire aux Thermopyles ou \u00e0 Ch\u00e9ron\u00e9e, les mythes sanglants qui sont associ\u00e9s \u00e0 pratiquement chaque carrefour de cette r\u00e9gion de la Gr\u00e8ce continentale.<\/p>\n\n\n\n<p>La deuxi\u00e8me partie d\u00e9crit dans quelles circonstances les travaux de La Grande Fouille ont \u00e9t\u00e9 lanc\u00e9s, comment l&rsquo;organisation du site a pu \u00eatre reconstitu\u00e9e et quelles d\u00e9couvertes arch\u00e9ologiques et artistiques y ont \u00e9t\u00e9 faites.<\/p>\n\n\n\n<p>La troisi\u00e8me partie est consacr\u00e9e \u00e0 l&rsquo;oracle, \u00e0 son environnement religieux et \u00e0 son fonctionnement. Elle \u00e9voque l\u2019\u00e9tonnement sacr\u00e9 qu\u2019\u00e9prouvait le p\u00e8lerin devant le monde et devant lui-m\u00eame et comment cette exp\u00e9rience, esth\u00e9tique et religieuse \u00e0 la fois, le pr\u00e9parait \u00e0 sa transformation int\u00e9rieure.<\/p>\n\n\n\n<p>En conclusion, ce livre rappelle que la convergence delphique du religieux, du politique, de l\u2019esth\u00e9tique et de l\u2019\u00e9thique &#8211; loin de se limiter \u00e0 la Gr\u00e8ce antique &#8211; a exerc\u00e9 une influence durable sur l\u2019histoire intellectuelle et culturelle de l\u2019Occident.<\/p>\n","protected":false},"excerpt":{"rendered":"<p>Apr\u00e8s Alexandrie &#8211; lieu de savoir, de classement et de d\u00e9monstration &#8211; je me suis int\u00e9ress\u00e9 \u00e0 un autre centre majeur de l\u2019Antiquit\u00e9 et dont l\u2019ambition \u00e9tait inverse : non pas expliquer le monde, mais l\u2019interroger. L\u00e0 o\u00f9 Alexandrie cherchait &hellip; <a href=\"https:\/\/jean-arcadymeyer.fr\/index.php\/delphes-mystere-grandeur-et-effroi-du-divin\/\">Continuer la lecture <span class=\"meta-nav\">&rarr;<\/span><\/a><\/p>\n","protected":false},"author":1,"featured_media":0,"parent":0,"menu_order":0,"comment_status":"open","ping_status":"closed","template":"","meta":{"footnotes":""},"class_list":["post-723","page","type-page","status-publish","hentry"],"_links":{"self":[{"href":"https:\/\/jean-arcadymeyer.fr\/index.php\/wp-json\/wp\/v2\/pages\/723","targetHints":{"allow":["GET"]}}],"collection":[{"href":"https:\/\/jean-arcadymeyer.fr\/index.php\/wp-json\/wp\/v2\/pages"}],"about":[{"href":"https:\/\/jean-arcadymeyer.fr\/index.php\/wp-json\/wp\/v2\/types\/page"}],"author":[{"embeddable":true,"href":"https:\/\/jean-arcadymeyer.fr\/index.php\/wp-json\/wp\/v2\/users\/1"}],"replies":[{"embeddable":true,"href":"https:\/\/jean-arcadymeyer.fr\/index.php\/wp-json\/wp\/v2\/comments?post=723"}],"version-history":[{"count":3,"href":"https:\/\/jean-arcadymeyer.fr\/index.php\/wp-json\/wp\/v2\/pages\/723\/revisions"}],"predecessor-version":[{"id":766,"href":"https:\/\/jean-arcadymeyer.fr\/index.php\/wp-json\/wp\/v2\/pages\/723\/revisions\/766"}],"wp:attachment":[{"href":"https:\/\/jean-arcadymeyer.fr\/index.php\/wp-json\/wp\/v2\/media?parent=723"}],"curies":[{"name":"wp","href":"https:\/\/api.w.org\/{rel}","templated":true}]}}