{"id":629,"date":"2020-01-08T09:30:16","date_gmt":"2020-01-08T08:30:16","guid":{"rendered":"http:\/\/jean-arcadymeyer.fr?page_id=629"},"modified":"2021-08-09T09:46:36","modified_gmt":"2021-08-09T08:46:36","slug":"et-le-petit-dernier","status":"publish","type":"page","link":"https:\/\/jean-arcadymeyer.fr\/index.php\/mon-oeuvre\/quelques-livres-que-jai-ecrits-moi-meme\/et-le-petit-dernier\/","title":{"rendered":"et le petit dernier&#8230;"},"content":{"rendered":"\n<p class=\"has-text-color has-medium-font-size\" style=\"color:#008767\">&#8230; paru le 21 janvier 2020 (avec plein d&rsquo;images et d&rsquo;histoires \u00e9difiantes)<\/p>\n\n\n\n<figure class=\"wp-block-image size-large is-resized\"><img loading=\"lazy\" decoding=\"async\" src=\"http:\/\/jean-arcadymeyer.fr\/wp-content\/uploads\/Couverture-Or-vert-1024x647.jpg\" alt=\"\" class=\"wp-image-622\" width=\"595\" height=\"375\" srcset=\"https:\/\/jean-arcadymeyer.fr\/wp-content\/uploads\/Couverture-Or-vert-1024x647.jpg 1024w, https:\/\/jean-arcadymeyer.fr\/wp-content\/uploads\/Couverture-Or-vert-300x190.jpg 300w, https:\/\/jean-arcadymeyer.fr\/wp-content\/uploads\/Couverture-Or-vert-768x485.jpg 768w, https:\/\/jean-arcadymeyer.fr\/wp-content\/uploads\/Couverture-Or-vert.jpg 1065w\" sizes=\"auto, (max-width: 595px) 100vw, 595px\" \/><\/figure>\n\n\n\n<p class=\"has-text-color has-medium-font-size\" style=\"color:#008767\">         Son contenu est \u00e9voqu\u00e9 <a href=\"http:\/\/agnesguillot.free.fr\/\">ici<\/a> et <a href=\"http:\/\/agnesguillot.free.fr\/index.php\/page-d-exemple\/\">ici<\/a> et sa production est issue de for\u00eats g\u00e9r\u00e9es durablement ainsi que de sources contr\u00f4l\u00e9es.<\/p>\n","protected":false},"excerpt":{"rendered":"<p>&#8230; paru le 21 janvier 2020 (avec plein d&rsquo;images et d&rsquo;histoires \u00e9difiantes) Son contenu est \u00e9voqu\u00e9 ici et ici et sa production est issue de for\u00eats g\u00e9r\u00e9es durablement ainsi que de sources contr\u00f4l\u00e9es.<\/p>\n","protected":false},"author":1,"featured_media":0,"parent":73,"menu_order":1,"comment_status":"closed","ping_status":"closed","template":"","meta":{"footnotes":""},"class_list":["post-629","page","type-page","status-publish","hentry"],"_links":{"self":[{"href":"https:\/\/jean-arcadymeyer.fr\/index.php\/wp-json\/wp\/v2\/pages\/629","targetHints":{"allow":["GET"]}}],"collection":[{"href":"https:\/\/jean-arcadymeyer.fr\/index.php\/wp-json\/wp\/v2\/pages"}],"about":[{"href":"https:\/\/jean-arcadymeyer.fr\/index.php\/wp-json\/wp\/v2\/types\/page"}],"author":[{"embeddable":true,"href":"https:\/\/jean-arcadymeyer.fr\/index.php\/wp-json\/wp\/v2\/users\/1"}],"replies":[{"embeddable":true,"href":"https:\/\/jean-arcadymeyer.fr\/index.php\/wp-json\/wp\/v2\/comments?post=629"}],"version-history":[{"count":10,"href":"https:\/\/jean-arcadymeyer.fr\/index.php\/wp-json\/wp\/v2\/pages\/629\/revisions"}],"predecessor-version":[{"id":655,"href":"https:\/\/jean-arcadymeyer.fr\/index.php\/wp-json\/wp\/v2\/pages\/629\/revisions\/655"}],"up":[{"embeddable":true,"href":"https:\/\/jean-arcadymeyer.fr\/index.php\/wp-json\/wp\/v2\/pages\/73"}],"wp:attachment":[{"href":"https:\/\/jean-arcadymeyer.fr\/index.php\/wp-json\/wp\/v2\/media?parent=629"}],"curies":[{"name":"wp","href":"https:\/\/api.w.org\/{rel}","templated":true}]}}