{"id":557,"date":"2016-05-18T15:51:20","date_gmt":"2016-05-18T14:51:20","guid":{"rendered":"http:\/\/jean-arcadymeyer.fr?page_id=557"},"modified":"2019-02-14T17:00:46","modified_gmt":"2019-02-14T16:00:46","slug":"betisier","status":"publish","type":"page","link":"https:\/\/jean-arcadymeyer.fr\/index.php\/betisier\/","title":{"rendered":"B\u00eatisier"},"content":{"rendered":"<p>J&rsquo;ai beaucoup regrett\u00e9 la b\u00eatise \u00e9voqu\u00e9e ailleurs dans ces pages et qui m&rsquo;a conduit \u00e0 <a href=\"https:\/\/www.dropbox.com\/s\/soh1wdzsqa61q30\/Universit%C3%A9%20de%20Tous%20Les%20Savoirs_Les%20Animats_extrait.avi?dl=0\">prendre au s\u00e9rieux un canular publi\u00e9 sur le Net<\/a>. Archytas a peut-\u00eatre pressenti les applications potentielles de sa colombe, mais ce n&rsquo;est pas Aulu-Gelle qui peut nous en persuader.<\/p>\n<p><a href=\"http:\/\/jean-arcadymeyer.fr\/wp-content\/uploads\/Aulu-Gelle.jpg\" rel=\"attachment wp-att-567\"><img loading=\"lazy\" decoding=\"async\" class=\"alignright size-full wp-image-567\" src=\"http:\/\/jean-arcadymeyer.fr\/wp-content\/uploads\/Aulu-Gelle.jpg\" alt=\"Aulu-Gelle\" width=\"1280\" height=\"720\" srcset=\"https:\/\/jean-arcadymeyer.fr\/wp-content\/uploads\/Aulu-Gelle.jpg 1280w, https:\/\/jean-arcadymeyer.fr\/wp-content\/uploads\/Aulu-Gelle-300x169.jpg 300w, https:\/\/jean-arcadymeyer.fr\/wp-content\/uploads\/Aulu-Gelle-768x432.jpg 768w, https:\/\/jean-arcadymeyer.fr\/wp-content\/uploads\/Aulu-Gelle-1024x576.jpg 1024w\" sizes=\"auto, (max-width: 1280px) 100vw, 1280px\" \/><\/a>En revanche, je me suis beaucoup amus\u00e9 \u00e0 produire une autre b\u00eatise &#8211; volontaire cette fois &#8211; sous la forme d&rsquo;<a href=\"https:\/\/www.youtube.com\/watch?v=sQg1bziznyg\">un expos\u00e9 pseudo-scientifique sur la bionique<\/a>. Pour autant, les travaux actuellement men\u00e9s sur les <em>Interfaces Cerveau-Ordinateur<\/em> sont extr\u00eamement s\u00e9rieux et permettent d\u00e9j\u00e0, par exemple, de commander un drone par la pens\u00e9e.<\/p>\n<p><a href=\"http:\/\/jean-arcadymeyer.fr\/wp-content\/uploads\/BioniquepourNuls.jpg\" rel=\"attachment wp-att-568\"><img loading=\"lazy\" decoding=\"async\" class=\"alignright size-full wp-image-568\" src=\"http:\/\/jean-arcadymeyer.fr\/wp-content\/uploads\/BioniquepourNuls.jpg\" alt=\"BioniquepourNuls\" width=\"1280\" height=\"738\" srcset=\"https:\/\/jean-arcadymeyer.fr\/wp-content\/uploads\/BioniquepourNuls.jpg 1280w, https:\/\/jean-arcadymeyer.fr\/wp-content\/uploads\/BioniquepourNuls-300x173.jpg 300w, https:\/\/jean-arcadymeyer.fr\/wp-content\/uploads\/BioniquepourNuls-768x443.jpg 768w, https:\/\/jean-arcadymeyer.fr\/wp-content\/uploads\/BioniquepourNuls-1024x590.jpg 1024w\" sizes=\"auto, (max-width: 1280px) 100vw, 1280px\" \/><\/a><\/p>\n<p>Enfin, j&rsquo;ai souvent constat\u00e9 &#8211; <a href=\"https:\/\/drive.google.com\/file\/d\/1-3nLc4JLli1tNduxy5rHgMXzDFcjfx_v\/view?usp=sharing\">\u00e0 l&rsquo;occasion des questions qui pouvaient m&rsquo;\u00eatre pos\u00e9es lors de conf\u00e9rences diverses<\/a> &#8211; que d&rsquo;autres que moi pouvaient sembler \u00eatre victimes de bouff\u00e9es d\u00e9lirantes. Ils b\u00e9n\u00e9ficient d&rsquo;autant plus de ma sympathie que je n&rsquo;arrive pas \u00e0 savoir s&rsquo;ils sont s\u00e9rieux ou non&#8230;<\/p>\n<p><a href=\"http:\/\/jean-arcadymeyer.fr\/wp-content\/uploads\/Questions-insolites.jpg\" rel=\"attachment wp-att-569\"><img loading=\"lazy\" decoding=\"async\" class=\"wp-image-569 alignleft\" src=\"http:\/\/jean-arcadymeyer.fr\/wp-content\/uploads\/Questions-insolites.jpg\" alt=\"Questions insolites\" width=\"627\" height=\"357\" srcset=\"https:\/\/jean-arcadymeyer.fr\/wp-content\/uploads\/Questions-insolites.jpg 1575w, https:\/\/jean-arcadymeyer.fr\/wp-content\/uploads\/Questions-insolites-300x171.jpg 300w, https:\/\/jean-arcadymeyer.fr\/wp-content\/uploads\/Questions-insolites-768x437.jpg 768w, https:\/\/jean-arcadymeyer.fr\/wp-content\/uploads\/Questions-insolites-1024x583.jpg 1024w\" sizes=\"auto, (max-width: 627px) 100vw, 627px\" \/><\/a><\/p>\n<p>&nbsp;<\/p>\n<p><span style=\"color: #3366ff;\">I deeply regret the stupidity evocated elsewhere in these pages, which led me to take seriously a hoax published on the Net. Archytas may have foreseen <span class=\"\"><span style=\"color: #3366ff;\">the potential applications<\/span> of<\/span> his dove, but it&rsquo;s not Aulus-Gellius who may persuade us that such was the case.<\/span><\/p>\n<p><span style=\"color: #3366ff;\">On the contrary, I enjoyed myself so much producing another stupidity &#8211; this time voluntarily &#8211; in the form of a <span class=\"\"><span style=\"color: #3366ff;\">pseudo-<\/span><\/span>scientific presentation of bionics. However, the ongoing works on Brain-Computer Interfaces are extremely serious and already make it possible, for example, to control a drone by thought.<\/span><\/p>\n<p><span style=\"color: #3366ff;\">Finally, I have often found &#8211; on the occasion of questions addressed at various conferences &#8211; that others than me may suffer of delirious episodes. They benefit all the more of my sympathy because I cannot know if they are serious or not&#8230;<\/span><\/p>\n<p><a class=\"twitter-share-button\" href=\"https:\/\/twitter.com\/share\" data-url=\"jean-arcadymeyer.fr\" data-text=\"Un site qui parle d'Intelligence Artificielle, d'automates, de robots bioinspir\u00e9s et d'animats http:\/\/jean-arcadymeyer.fr\" data-via=\"Felix_Quipotuit\" data-size=\"large\">Tweet<\/a><br \/>\n<script>\/\/ <![CDATA[\n!function(d,s,id){var js,fjs=d.getElementsByTagName(s)[0],p=\/^http:\/.test(d.location)?'http':'https';if(!d.getElementById(id)){js=d.createElement(s);js.id=id;js.src=p+':\/\/platform.twitter.com\/widgets.js';fjs.parentNode.insertBefore(js,fjs);}}(document, 'script', 'twitter-wjs');<br \/>\n\/\/ ]]><\/script><\/p>\n","protected":false},"excerpt":{"rendered":"<p>J&rsquo;ai beaucoup regrett\u00e9 la b\u00eatise \u00e9voqu\u00e9e ailleurs dans ces pages et qui m&rsquo;a conduit \u00e0 prendre au s\u00e9rieux un canular publi\u00e9 sur le Net. Archytas a peut-\u00eatre pressenti les applications potentielles de sa colombe, mais ce n&rsquo;est pas Aulu-Gelle qui &hellip; <a href=\"https:\/\/jean-arcadymeyer.fr\/index.php\/betisier\/\">Continuer la lecture <span class=\"meta-nav\">&rarr;<\/span><\/a><\/p>\n","protected":false},"author":1,"featured_media":0,"parent":0,"menu_order":5,"comment_status":"open","ping_status":"closed","template":"","meta":{"footnotes":""},"class_list":["post-557","page","type-page","status-publish","hentry"],"_links":{"self":[{"href":"https:\/\/jean-arcadymeyer.fr\/index.php\/wp-json\/wp\/v2\/pages\/557","targetHints":{"allow":["GET"]}}],"collection":[{"href":"https:\/\/jean-arcadymeyer.fr\/index.php\/wp-json\/wp\/v2\/pages"}],"about":[{"href":"https:\/\/jean-arcadymeyer.fr\/index.php\/wp-json\/wp\/v2\/types\/page"}],"author":[{"embeddable":true,"href":"https:\/\/jean-arcadymeyer.fr\/index.php\/wp-json\/wp\/v2\/users\/1"}],"replies":[{"embeddable":true,"href":"https:\/\/jean-arcadymeyer.fr\/index.php\/wp-json\/wp\/v2\/comments?post=557"}],"version-history":[{"count":15,"href":"https:\/\/jean-arcadymeyer.fr\/index.php\/wp-json\/wp\/v2\/pages\/557\/revisions"}],"predecessor-version":[{"id":607,"href":"https:\/\/jean-arcadymeyer.fr\/index.php\/wp-json\/wp\/v2\/pages\/557\/revisions\/607"}],"wp:attachment":[{"href":"https:\/\/jean-arcadymeyer.fr\/index.php\/wp-json\/wp\/v2\/media?parent=557"}],"curies":[{"name":"wp","href":"https:\/\/api.w.org\/{rel}","templated":true}]}}