{"id":399,"date":"2015-06-12T09:36:38","date_gmt":"2015-06-12T08:36:38","guid":{"rendered":"http:\/\/jeanarcady.meyer.free.fr\/?page_id=399"},"modified":"2015-12-29T11:49:30","modified_gmt":"2015-12-29T10:49:30","slug":"dei-ex-machinis-vol-iii","status":"publish","type":"page","link":"https:\/\/jean-arcadymeyer.fr\/index.php\/dei-ex-machinis\/dei-ex-machinis-vol-iii\/","title":{"rendered":"Dei ex Machinis Vol III"},"content":{"rendered":"<p><a href=\"http:\/\/jean-arcadymeyer.fr\/wp-content\/uploads\/Dei-ex-Machinis-III.jpg\"><img loading=\"lazy\" decoding=\"async\" class=\"aligncenter size-full wp-image-400\" title=\"Dei ex Machinis III\" src=\"http:\/\/jean-arcadymeyer.fr\/wp-content\/uploads\/Dei-ex-Machinis-III.jpg\" alt=\"\" width=\"325\" height=\"448\" srcset=\"https:\/\/jean-arcadymeyer.fr\/wp-content\/uploads\/Dei-ex-Machinis-III.jpg 325w, https:\/\/jean-arcadymeyer.fr\/wp-content\/uploads\/Dei-ex-Machinis-III-217x300.jpg 217w\" sizes=\"auto, (max-width: 325px) 100vw, 325px\" \/><\/a><\/p>\n<p><a href=\"http:\/\/www.u-reed.com\/lecteur.php?id=3383&amp;width=580&amp;height=848&amp;bg=FFFFFF\">Visualiser un extrait :<\/a><\/p>\n<p><a href=\"http:\/\/www.leseditionsdunet.com\/scientifique\/3439-dei-ex-machinis-volume-iii-de-jean-baptiste-schwilgue-au-milieu-du-xxe-siecle-jean-arcady-meyer-9782312036809.html\"><img loading=\"lazy\" decoding=\"async\" class=\"size-full wp-image-469 alignleft\" title=\"Apercu3\" src=\"http:\/\/jean-arcadymeyer.fr\/wp-content\/uploads\/Apercu3.jpg\" alt=\"\" width=\"227\" height=\"168\" \/><\/a><\/p>\n<p>&nbsp;<\/p>\n<p>&nbsp;<\/p>\n<p>&nbsp;<\/p>\n<p>&nbsp;<\/p>\n<p><a href=\"http:\/\/www.leseditionsdunet.com\/scientifique\/3439-dei-ex-machinis-volume-iii-de-jean-baptiste-schwilgue-au-milieu-du-xxe-siecle-jean-arcady-meyer-9782312036809.html\">Lien de t\u00e9l\u00e9chargement<\/a><\/p>\n<p><a href=\"http:\/\/www.u-reed.com\/lecteur.php?id=3383&amp;width=580&amp;height=848&amp;bg=FFFFFF\"><span style=\"color: #3366ff;\">Peek<\/span><\/a><span style=\"color: #3366ff;\"> and <\/span><a href=\"http:\/\/www.leseditionsdunet.com\/scientifique\/3439-dei-ex-machinis-volume-iii-de-jean-baptiste-schwilgue-au-milieu-du-xxe-siecle-jean-arcady-meyer-9782312036809.html\"><span style=\"color: #3366ff;\">Download<\/span><\/a><span style=\"color: #3366ff;\"> links<\/span><\/p>\n<p>Table des Mati\u00e8res<\/p>\n<p>Jean-Baptiste Schwilgu\u00e9 (1776-1856)\u00a0\u00a0\u00a0 5<br \/>\nLa vie de Jean-Baptiste Schwilgu\u00e9\u00a0\u00a0\u00a0 9<br \/>\nL\u2019\u0153uvre de Jean-Baptiste Schwilgu\u00e9\u00a0\u00a0\u00a0 11<br \/>\nL&rsquo;horloge de Strasbourg\u00a0\u00a0\u00a0 12<br \/>\nDavid Roentgen (1743 &#8211; 1807) et Peter Kinzing (1745 -1816)\u00a0\u00a0\u00a0 27<br \/>\nLes vies de Roentgen et Kinzing\u00a0\u00a0\u00a0 27<br \/>\nL&rsquo;\u0153uvre de Roentgen et Kinzing\u00a0\u00a0\u00a0 29<br \/>\nMeubles\u00a0\u00a0\u00a0 29<br \/>\nHorloges\u00a0\u00a0\u00a0 30<br \/>\nLa Joueuse de Tympanon\u00a0\u00a0\u00a0 31<br \/>\nLes fr\u00e8res Maillardet (1743 &#8211; 1834)\u00a0\u00a0\u00a0 37<br \/>\nLes vies des fr\u00e8res Maillardet\u00a0\u00a0\u00a0 37<br \/>\nL&rsquo;\u0153uvre des fr\u00e8res Maillardet\u00a0\u00a0\u00a0 39<br \/>\nPendules et montres\u00a0\u00a0\u00a0 40<br \/>\nLes fabricants d&rsquo;automates\u00a0\u00a0\u00a0 41<br \/>\nHisashige Tanaka (1799-1881)\u00a0\u00a0\u00a0 59<br \/>\nLa vie de Hisashige Tanaka\u00a0\u00a0\u00a0 59<br \/>\nL&rsquo;\u0153uvre de Hisashige Tanaka\u00a0\u00a0\u00a0 60<br \/>\nPoup\u00e9es automates\u00a0\u00a0\u00a0 60<br \/>\nAutres inventions\u00a0\u00a0\u00a0 62<br \/>\nJoseph Faber (1800 &#8211; 1860)\u00a0\u00a0\u00a0 69<br \/>\nLa vie de Joseph Faber\u00a0\u00a0\u00a0 69<br \/>\nL&rsquo;\u0153uvre de Joseph Faber\u00a0\u00a0\u00a0 75<br \/>\nBenkichi Ohno (1801 &#8211; 1870)\u00a0\u00a0\u00a0 81<br \/>\nLa vie de Benkichi Ohno\u00a0\u00a0\u00a0 81<br \/>\nL\u2019oeuvre de Benkichi Ohno\u00a0\u00a0\u00a0 82<br \/>\nJean-Eug\u00e8ne Robert-Houdin (1805 &#8211; 1871)\u00a0\u00a0\u00a0 85<br \/>\nLa vie de Robert-Houdin\u00a0\u00a0\u00a0 85<br \/>\nL&rsquo;\u0153uvre de Robert-Houdin\u00a0\u00a0\u00a0 96<br \/>\nHorloges et pendules\u00a0\u00a0\u00a0 97<br \/>\nAutomates classiques\u00a0\u00a0\u00a0 99<br \/>\nAutomates truqu\u00e9s\u00a0\u00a0\u00a0 104<br \/>\nLe sort des automates de Robert-Houdin\u00a0\u00a0\u00a0 108<br \/>\nLes autres inventions de Robert-Houdin\u00a0\u00a0\u00a0 109<br \/>\nJohann-Bartholom\u00e9 Rechsteiner (1810 &#8211; 1893)\u00a0\u00a0\u00a0 113<br \/>\nLa vie de Johann-Bartholom\u00e9 Rechsteiner\u00a0\u00a0\u00a0 113<br \/>\nL&rsquo;\u0153uvre de Johann-Bartholom\u00e9 Rechsteiner\u00a0\u00a0\u00a0 120<br \/>\nLe Jugement Dernier\u00a0\u00a0\u00a0 120<br \/>\nLe Canard de Rechsteiner\u00a0\u00a0\u00a0 120<br \/>\nLe mus\u00e9e itin\u00e9rant de Tietz et Frechon\u00a0\u00a0\u00a0 123<br \/>\nLa restauration du canard de Vaucanson\u00a0\u00a0\u00a0 125<br \/>\nKarl Faberg\u00e9 (1846 &#8211; 1920)\u00a0\u00a0\u00a0 129<br \/>\nLa vie de Karl Faberg\u00e9\u00a0\u00a0\u00a0 129<br \/>\nL&rsquo;\u0153uvre de Karl Faberg\u00e9\u00a0\u00a0\u00a0 131<br \/>\nLes \u0153ufs de Faberg\u00e9\u00a0\u00a0\u00a0 131<br \/>\nLes \u0153ufs \u00e0 automates\u00a0\u00a0\u00a0 133<br \/>\nZadock Dederick (1846 &#8211; 1922)\u00a0\u00a0\u00a0 143<br \/>\nThomas Edison (1847 &#8211; 1931)\u00a0\u00a0\u00a0 151<br \/>\nLa vie de Thomas Edison\u00a0\u00a0\u00a0 151<br \/>\nL&rsquo;\u0153uvre de Thomas Edison\u00a0\u00a0\u00a0 164<br \/>\nLe t\u00e9l\u00e9phone\u00a0\u00a0\u00a0 164<br \/>\nLe phonographe\u00a0\u00a0\u00a0 166<br \/>\nLa lampe \u00e0 incandescence\u00a0\u00a0\u00a0 167<br \/>\nLa Poup\u00e9e parlante\u00a0\u00a0\u00a0 168<br \/>\nMakoto Nishimura (1883 \u2013 1956)\u00a0\u00a0\u00a0 171<br \/>\nJohn Hays Hammond (1888 &#8211; 1965) et Benjamin Miessner (1890 &#8211; 1976)\u00a0\u00a0\u00a0 177<br \/>\nLes vies de Hammond et Miessner\u00a0\u00a0\u00a0 177<br \/>\nL\u2019oeuvre de Hammond et Miessner\u00a0\u00a0\u00a0 179<br \/>\nElectric Dog\u00a0\u00a0\u00a0 179<br \/>\nRoy James Wensley (1888 \u2013 1953)\u00a0\u00a0\u00a0 185<br \/>\nLa vogue des automates humano\u00efdes\u00a0\u00a0\u00a0 185<br \/>\nLes automates de Westinghouse\u00a0\u00a0\u00a0 197<br \/>\nTelevox\u00a0\u00a0\u00a0 197<br \/>\nWillie Vocalite\u00a0\u00a0\u00a0 199<br \/>\nElektro\u00a0\u00a0\u00a0 200<br \/>\nSparko\u00a0\u00a0\u00a0 202<br \/>\nHenry Piraux (1902 &#8211; 1979)\u00a0\u00a0\u00a0 205<br \/>\nPhilidog\u00a0\u00a0\u00a0 205<br \/>\nAutres chiens cybern\u00e9tiques\u00a0\u00a0\u00a0 208<br \/>\nWilliam Grey Walter (1910 \u2013 1977)\u00a0\u00a0\u00a0 211<br \/>\nLa vie de William Grey Walter\u00a0\u00a0\u00a0 211<br \/>\nL&rsquo;\u0153uvre de William Grey Walter\u00a0\u00a0\u00a0 213<br \/>\nLa vogue des robots rongeurs\u00a0\u00a0\u00a0 215<br \/>\nElmer et Elsie\u00a0\u00a0\u00a0 225<br \/>\nCora\u00a0\u00a0\u00a0 233<br \/>\nIrma\u00a0\u00a0\u00a0 236<br \/>\nAutres tortues \u00e9lectroniques\u00a0\u00a0\u00a0 237<br \/>\nAlbert Ducrocq (1921-2001)\u00a0\u00a0\u00a0 239<br \/>\nLa vie d&rsquo;Albert Ducrocq\u00a0\u00a0\u00a0 239<br \/>\nL&rsquo;\u0153uvre d&rsquo;Albert Ducrocq\u00a0\u00a0\u00a0 243<br \/>\nCalliope\u00a0\u00a0\u00a0 244<br \/>\nElectrostyl\u00a0\u00a0\u00a0 245<br \/>\nMiso\u00a0\u00a0\u00a0 245<br \/>\nBarbara, Cesare, et Felapton\u00a0\u00a0\u00a0 247<br \/>\nJob\u00a0\u00a0\u00a0 248<br \/>\nAutres mammif\u00e8res \u00e9lectroniques\u00a0\u00a0\u00a0 253<br \/>\nEt apr\u00e8s\u00a0?\u00a0\u00a0\u00a0 255<br \/>\nR\u00e9f\u00e9rences\u00a0\u00a0\u00a0 257<br \/>\nIndex des personnes\u00a0\u00a0\u00a0 267<br \/>\nIndex des automates\u00a0\u00a0\u00a0 273<br \/>\nTable des mati\u00e8res\u00a0\u00a0\u00a0 275<\/p>\n<p><a href=\"https:\/\/twitter.com\/share\" class=\"twitter-share-button\"{count} data-url=\"jean-arcadymeyer.fr\" data-text=\"Un site qui parle d'Intelligence Artificielle, d'automates, de robots bioinspir\u00e9s et d'animats http:\/\/jean-arcadymeyer.fr\" data-via=\"Felix_Quipotuit\" data-size=\"large\">Tweet<\/a><br \/>\n<script>!function(d,s,id){var js,fjs=d.getElementsByTagName(s)[0],p=\/^http:\/.test(d.location)?'http':'https';if(!d.getElementById(id)){js=d.createElement(s);js.id=id;js.src=p+':\/\/platform.twitter.com\/widgets.js';fjs.parentNode.insertBefore(js,fjs);}}(document, 'script', 'twitter-wjs');<\/script><\/p>\n","protected":false},"excerpt":{"rendered":"<p>Visualiser un extrait : &nbsp; &nbsp; &nbsp; &nbsp; Lien de t\u00e9l\u00e9chargement Peek and Download links Table des Mati\u00e8res Jean-Baptiste Schwilgu\u00e9 (1776-1856)\u00a0\u00a0\u00a0 5 La vie de Jean-Baptiste Schwilgu\u00e9\u00a0\u00a0\u00a0 9 L\u2019\u0153uvre de Jean-Baptiste Schwilgu\u00e9\u00a0\u00a0\u00a0 11 L&rsquo;horloge de Strasbourg\u00a0\u00a0\u00a0 12 David Roentgen (1743 &hellip; <a href=\"https:\/\/jean-arcadymeyer.fr\/index.php\/dei-ex-machinis\/dei-ex-machinis-vol-iii\/\">Continuer la lecture <span class=\"meta-nav\">&rarr;<\/span><\/a><\/p>\n","protected":false},"author":1,"featured_media":0,"parent":158,"menu_order":2,"comment_status":"open","ping_status":"closed","template":"","meta":{"footnotes":""},"class_list":["post-399","page","type-page","status-publish","hentry"],"_links":{"self":[{"href":"https:\/\/jean-arcadymeyer.fr\/index.php\/wp-json\/wp\/v2\/pages\/399","targetHints":{"allow":["GET"]}}],"collection":[{"href":"https:\/\/jean-arcadymeyer.fr\/index.php\/wp-json\/wp\/v2\/pages"}],"about":[{"href":"https:\/\/jean-arcadymeyer.fr\/index.php\/wp-json\/wp\/v2\/types\/page"}],"author":[{"embeddable":true,"href":"https:\/\/jean-arcadymeyer.fr\/index.php\/wp-json\/wp\/v2\/users\/1"}],"replies":[{"embeddable":true,"href":"https:\/\/jean-arcadymeyer.fr\/index.php\/wp-json\/wp\/v2\/comments?post=399"}],"version-history":[{"count":12,"href":"https:\/\/jean-arcadymeyer.fr\/index.php\/wp-json\/wp\/v2\/pages\/399\/revisions"}],"predecessor-version":[{"id":550,"href":"https:\/\/jean-arcadymeyer.fr\/index.php\/wp-json\/wp\/v2\/pages\/399\/revisions\/550"}],"up":[{"embeddable":true,"href":"https:\/\/jean-arcadymeyer.fr\/index.php\/wp-json\/wp\/v2\/pages\/158"}],"wp:attachment":[{"href":"https:\/\/jean-arcadymeyer.fr\/index.php\/wp-json\/wp\/v2\/media?parent=399"}],"curies":[{"name":"wp","href":"https:\/\/api.w.org\/{rel}","templated":true}]}}