{"id":394,"date":"2015-06-12T09:31:39","date_gmt":"2015-06-12T08:31:39","guid":{"rendered":"http:\/\/jeanarcady.meyer.free.fr\/?page_id=394"},"modified":"2015-12-29T11:48:15","modified_gmt":"2015-12-29T10:48:15","slug":"dei-ex-machinis-vol-ii","status":"publish","type":"page","link":"https:\/\/jean-arcadymeyer.fr\/index.php\/dei-ex-machinis\/dei-ex-machinis-vol-ii\/","title":{"rendered":"Dei ex Machinis Vol II"},"content":{"rendered":"<p><a href=\"http:\/\/jean-arcadymeyer.fr\/wp-content\/uploads\/Dei-ex-Machinis-II.jpg\"><img loading=\"lazy\" decoding=\"async\" class=\"aligncenter size-full wp-image-395\" title=\"Dei ex Machinis II\" src=\"http:\/\/jean-arcadymeyer.fr\/wp-content\/uploads\/Dei-ex-Machinis-II.jpg\" alt=\"\" width=\"325\" height=\"448\" srcset=\"https:\/\/jean-arcadymeyer.fr\/wp-content\/uploads\/Dei-ex-Machinis-II.jpg 325w, https:\/\/jean-arcadymeyer.fr\/wp-content\/uploads\/Dei-ex-Machinis-II-217x300.jpg 217w\" sizes=\"auto, (max-width: 325px) 100vw, 325px\" \/><\/a><\/p>\n<p><a href=\"http:\/\/www.u-reed.com\/lecteur.php?id=3382&amp;width=580&amp;height=848&amp;bg=FFFFFF\">Visualiser un extrait :<\/a><\/p>\n<p><a href=\"http:\/\/jean-arcadymeyer.fr\/wp-content\/uploads\/Apercu2.jpg\"><img loading=\"lazy\" decoding=\"async\" class=\"size-full wp-image-465 alignleft\" title=\"Apercu2\" src=\"http:\/\/jean-arcadymeyer.fr\/wp-content\/uploads\/Apercu2.jpg\" alt=\"\" width=\"224\" height=\"176\" \/><\/a>&#8211;<\/p>\n<p>&nbsp;<\/p>\n<p>&nbsp;<\/p>\n<p>&nbsp;<\/p>\n<p><a href=\"http:\/\/www.leseditionsdunet.com\/scientifique\/3438-dei-ex-machinis-volume-ii-de-salomon-de-caus-a-johann-nepomuk-maelzel-jean-arcady-meyer-9782312036786.html\">Lien de t\u00e9l\u00e9chargement<\/a><\/p>\n<p><a href=\"http:\/\/www.u-reed.com\/lecteur.php?id=3382&amp;width=580&amp;height=848&amp;bg=FFFFFF\"><span style=\"color: #3366ff;\">Peek<\/span><\/a><span style=\"color: #3366ff;\"> and <\/span><a href=\"http:\/\/www.leseditionsdunet.com\/scientifique\/3438-dei-ex-machinis-volume-ii-de-salomon-de-caus-a-johann-nepomuk-maelzel-jean-arcady-meyer-9782312036786.html\"><span style=\"color: #3366ff;\">Download<\/span><\/a><span style=\"color: #3366ff;\"> links<\/span><\/p>\n<p>Table des Mati\u00e8res<\/p>\n<p>Salomon de Caus (1576 &#8211; 1626)\u00a0\u00a0\u00a0 7<br \/>\nLa vie de Salomon de Caus\u00a0\u00a0\u00a0 9<br \/>\nLa mode des automates de jardins\u00a0\u00a0\u00a0 10<br \/>\nSalomon de Caus en Italie\u00a0\u00a0\u00a0 15<br \/>\nHortus Palatinus\u00a0\u00a0\u00a0 18<br \/>\nLes derni\u00e8res ann\u00e9es\u00a0\u00a0\u00a0 20<br \/>\nSalomon de Caus \u00e0 Bic\u00eatre\u00a0\u00a0\u00a0 20<br \/>\nL&rsquo;\u0153uvre de Salomon de Caus\u00a0\u00a0\u00a0 23<br \/>\nRen\u00e9 Descartes (1596 &#8211; 1650)\u00a0\u00a0\u00a0 29<br \/>\nLa vie de Ren\u00e9 Descartes\u00a0\u00a0\u00a0 29<br \/>\nLes premi\u00e8res ann\u00e9es\u00a0\u00a0\u00a0 29<br \/>\nPremier s\u00e9jour en Hollande\u00a0\u00a0\u00a0 31<br \/>\nS\u00e9jour en Allemagne\u00a0\u00a0\u00a0 32<br \/>\nVoyages divers\u00a0\u00a0\u00a0 33<br \/>\nLe si\u00e8ge de La Rochelle\u00a0\u00a0\u00a0 35<br \/>\nDeuxi\u00e8me s\u00e9jour en Hollande\u00a0\u00a0\u00a0 38<br \/>\nS\u00e9jour en Su\u00e8de\u00a0\u00a0\u00a0 42<br \/>\nLa mort de Descartes\u00a0\u00a0\u00a0 43<br \/>\nLes tribulations du corps de Descartes [191]\u00a0\u00a0\u00a0 43<br \/>\nL&rsquo;\u0153uvre de Ren\u00e9 Descartes\u00a0\u00a0\u00a0 48<br \/>\nLa philosophie de Descartes\u00a0\u00a0\u00a0 49<br \/>\nLa science de Descartes\u00a0\u00a0\u00a0 51<br \/>\nAthanase Kircher (1602-1680)\u00a0\u00a0\u00a0 57<br \/>\nLa vie d&rsquo;Athanase Kircher\u00a0\u00a0\u00a0 57<br \/>\nL&rsquo;\u00e9pisode du manuscrit Barachias [197]\u00a0\u00a0\u00a0 60<br \/>\nL&rsquo;\u00e9pisode de l&rsquo;horloge \u00e0 tournesol [97]\u00a0\u00a0\u00a0 67<br \/>\nS\u00e9jour romain\u00a0\u00a0\u00a0 71<br \/>\nL&rsquo;\u0153uvre d&rsquo;Athanase Kircher\u00a0\u00a0\u00a0 73<br \/>\nEsprit universel ou charlatan\u00a0?\u00a0\u00a0\u00a0 73<br \/>\nLes livres de Kircher\u00a0\u00a0\u00a0 76<br \/>\nMusaeum Kircherianum [72]\u00a0\u00a0\u00a0 86<br \/>\nMachines et Automates [89]\u00a0\u00a0\u00a0 88<br \/>\nTito Livio Burattini (1617-1681)\u00a0\u00a0\u00a0 93<br \/>\nLa vie de Tito Livio Burattini\u00a0\u00a0\u00a0 93<br \/>\nL&rsquo;\u0153uvre de Tito Livio Burattini\u00a0\u00a0\u00a0 96<br \/>\nKiyofusaTakeda Omi (1630-1704)\u00a0\u00a0\u00a0 107<br \/>\nFran\u00e7ois-Joseph de Camus (1672-1732)\u00a0\u00a0\u00a0 113<br \/>\nLa vie de Fran\u00e7ois-Joseph de Camus\u00a0\u00a0\u00a0 113<br \/>\nL&rsquo;\u0153uvre de Fran\u00e7ois-Joseph de Camus\u00a0\u00a0\u00a0 114<br \/>\nJulien Gabriel Maillard (vers 1733)\u00a0\u00a0\u00a0 119<br \/>\nJacques Vaucanson (1709 &#8211; 1782)\u00a0\u00a0\u00a0 123<br \/>\nLa vie de Jacques Vaucanson\u00a0\u00a0\u00a0 123<br \/>\nLa cr\u00e9ation d&rsquo;automates\u00a0\u00a0\u00a0 126<br \/>\nLa r\u00e9organisation de l&rsquo;industrie de la soie\u00a0\u00a0\u00a0 136<br \/>\nL&rsquo;\u0153uvre de Jacques Vaucanson\u00a0\u00a0\u00a0 150<br \/>\nLes automates\u00a0\u00a0\u00a0 151<br \/>\nLes autres inventions\u00a0\u00a0\u00a0 171<br \/>\nFriedrich von Knaus (1724 &#8211; 1789)\u00a0\u00a0\u00a0 175<br \/>\nLa vie de Friedrich von Knaus\u00a0\u00a0\u00a0 175<br \/>\nL&rsquo;\u0153uvre de Friedrich von Knaus\u00a0\u00a0\u00a0 176<br \/>\nLorenz Rosenegger (vers 1750)\u00a0\u00a0\u00a0 181<br \/>\nPierre (1721 &#8211; 1790) et Henri-Louis (1752 &#8211; 1791) Jaquet-Droz\u00a0; Jean-Fr\u00e9d\u00e9ric Leschot (1746 &#8211; 1824)\u00a0\u00a0\u00a0 183<br \/>\nLes vies des Jaquet-Droz et de Leschot\u00a0\u00a0\u00a0 183<br \/>\nL&rsquo;\u0153uvre des Jaquet-Droz et de Leschot\u00a0\u00a0\u00a0 190<br \/>\nMontres, tabati\u00e8res, bo\u00eetes \u00e0 musique et pendules\u00a0\u00a0\u00a0 191<br \/>\nLes andro\u00efdes\u00a0\u00a0\u00a0 194<br \/>\nLa Grotte\u00a0\u00a0\u00a0 204<br \/>\nAutres automates des Jaquet-Droz\u00a0\u00a0\u00a0 206<br \/>\nJames Cox (1723 &#8211; 1800)\u00a0\u00a0\u00a0 209<br \/>\nLa vie de James Cox\u00a0\u00a0\u00a0 209<br \/>\nL&rsquo;\u0153uvre de James Cox\u00a0\u00a0\u00a0 212<br \/>\nLe Mus\u00e9e de Spring Gardens\u00a0\u00a0\u00a0 213<br \/>\nL&rsquo;horloge \u00e0 mouvement perp\u00e9tuel\u00a0\u00a0\u00a0 221<br \/>\nLe Cygne en argent\u00a0\u00a0\u00a0 222<br \/>\nLe Paon\u00a0\u00a0\u00a0 224<br \/>\nAutres r\u00e9alisations\u00a0\u00a0\u00a0 226<br \/>\nHonor\u00e9 Mical (1727-1789)\u00a0\u00a0\u00a0 229<br \/>\nWolfgang von Kempelen (1734 &#8211; 1804)\u00a0\u00a0\u00a0 239<br \/>\nLa vie de Wolfgang von Kempelen\u00a0\u00a0\u00a0 239<br \/>\nL&rsquo;\u0153uvre de Wolfgang von Kempelen\u00a0\u00a0\u00a0 241<br \/>\nMachines parlantes\u00a0\u00a0\u00a0 242<br \/>\nLe Turc\u00a0\u00a0\u00a0 244<br \/>\nHanzo Yorinao Hosokawa (1741-1796)\u00a0\u00a0\u00a0 251<br \/>\nJohann Nepomuk Maelzel (1772-1838)\u00a0\u00a0\u00a0 255<br \/>\nLa vie de Johann Nepomuk Maelzel\u00a0\u00a0\u00a0 255<br \/>\nL&rsquo;\u0153uvre de Johann Nepomuk Maelzel\u00a0\u00a0\u00a0 260<br \/>\nLe m\u00e9tronome\u00a0\u00a0\u00a0 261<br \/>\nLes automates\u00a0\u00a0\u00a0 263<br \/>\nLe Turc\u00a0\u00a0\u00a0 277<br \/>\nR\u00e9f\u00e9rences\u00a0\u00a0\u00a0 291<br \/>\nIndex des personnes\u00a0\u00a0\u00a0 305<br \/>\nIndex des automates\u00a0\u00a0\u00a0 313<br \/>\nTable des mati\u00e8res\u00a0\u00a0\u00a0 315<\/p>\n<p>&nbsp;<\/p>\n<p><a href=\"https:\/\/twitter.com\/share\" class=\"twitter-share-button\"{count} data-url=\"jean-arcadymeyer.fr\" data-text=\"Un site qui parle d'Intelligence Artificielle, d'automates, de robots bioinspir\u00e9s et d'animats http:\/\/jean-arcadymeyer.fr\" data-via=\"Felix_Quipotuit\" data-size=\"large\">Tweet<\/a><br \/>\n<script>!function(d,s,id){var js,fjs=d.getElementsByTagName(s)[0],p=\/^http:\/.test(d.location)?'http':'https';if(!d.getElementById(id)){js=d.createElement(s);js.id=id;js.src=p+':\/\/platform.twitter.com\/widgets.js';fjs.parentNode.insertBefore(js,fjs);}}(document, 'script', 'twitter-wjs');<\/script><\/p>\n","protected":false},"excerpt":{"rendered":"<p>Visualiser un extrait : &#8211; &nbsp; &nbsp; &nbsp; Lien de t\u00e9l\u00e9chargement Peek and Download links Table des Mati\u00e8res Salomon de Caus (1576 &#8211; 1626)\u00a0\u00a0\u00a0 7 La vie de Salomon de Caus\u00a0\u00a0\u00a0 9 La mode des automates de jardins\u00a0\u00a0\u00a0 10 Salomon &hellip; <a href=\"https:\/\/jean-arcadymeyer.fr\/index.php\/dei-ex-machinis\/dei-ex-machinis-vol-ii\/\">Continuer la lecture <span class=\"meta-nav\">&rarr;<\/span><\/a><\/p>\n","protected":false},"author":1,"featured_media":0,"parent":158,"menu_order":1,"comment_status":"open","ping_status":"closed","template":"","meta":{"footnotes":""},"class_list":["post-394","page","type-page","status-publish","hentry"],"_links":{"self":[{"href":"https:\/\/jean-arcadymeyer.fr\/index.php\/wp-json\/wp\/v2\/pages\/394","targetHints":{"allow":["GET"]}}],"collection":[{"href":"https:\/\/jean-arcadymeyer.fr\/index.php\/wp-json\/wp\/v2\/pages"}],"about":[{"href":"https:\/\/jean-arcadymeyer.fr\/index.php\/wp-json\/wp\/v2\/types\/page"}],"author":[{"embeddable":true,"href":"https:\/\/jean-arcadymeyer.fr\/index.php\/wp-json\/wp\/v2\/users\/1"}],"replies":[{"embeddable":true,"href":"https:\/\/jean-arcadymeyer.fr\/index.php\/wp-json\/wp\/v2\/comments?post=394"}],"version-history":[{"count":12,"href":"https:\/\/jean-arcadymeyer.fr\/index.php\/wp-json\/wp\/v2\/pages\/394\/revisions"}],"predecessor-version":[{"id":549,"href":"https:\/\/jean-arcadymeyer.fr\/index.php\/wp-json\/wp\/v2\/pages\/394\/revisions\/549"}],"up":[{"embeddable":true,"href":"https:\/\/jean-arcadymeyer.fr\/index.php\/wp-json\/wp\/v2\/pages\/158"}],"wp:attachment":[{"href":"https:\/\/jean-arcadymeyer.fr\/index.php\/wp-json\/wp\/v2\/media?parent=394"}],"curies":[{"name":"wp","href":"https:\/\/api.w.org\/{rel}","templated":true}]}}