{"id":388,"date":"2015-06-12T09:22:18","date_gmt":"2015-06-12T08:22:18","guid":{"rendered":"http:\/\/jeanarcady.meyer.free.fr\/?page_id=388"},"modified":"2015-12-29T11:46:46","modified_gmt":"2015-12-29T10:46:46","slug":"dei-ex-machinis-vol-i","status":"publish","type":"page","link":"https:\/\/jean-arcadymeyer.fr\/index.php\/dei-ex-machinis\/dei-ex-machinis-vol-i\/","title":{"rendered":"Dei ex Machinis Vol I"},"content":{"rendered":"<p>&nbsp;<\/p>\n<p style=\"text-align: left;\"><a href=\"http:\/\/jean-arcadymeyer.fr\/wp-content\/uploads\/Dei-ex-Machinis-I.jpg\"><img loading=\"lazy\" decoding=\"async\" class=\"aligncenter size-full wp-image-390\" title=\"Dei ex Machinis I\" src=\"http:\/\/jean-arcadymeyer.fr\/wp-content\/uploads\/Dei-ex-Machinis-I.jpg\" alt=\"\" width=\"325\" height=\"448\" srcset=\"https:\/\/jean-arcadymeyer.fr\/wp-content\/uploads\/Dei-ex-Machinis-I.jpg 325w, https:\/\/jean-arcadymeyer.fr\/wp-content\/uploads\/Dei-ex-Machinis-I-217x300.jpg 217w\" sizes=\"auto, (max-width: 325px) 100vw, 325px\" \/><\/a><a href=\"http:\/\/www.u-reed.com\/lecteur.php?id=3384&amp;width=580&amp;height=848&amp;bg=FFFFFF\">Visualiser un extrait :<\/a><\/p>\n<p style=\"text-align: left;\"><a href=\"http:\/\/jean-arcadymeyer.fr\/wp-content\/uploads\/Apercu1.jpg\"><img loading=\"lazy\" decoding=\"async\" class=\"size-full wp-image-462\" title=\"Apercu1\" src=\"http:\/\/jean-arcadymeyer.fr\/wp-content\/uploads\/Apercu1.jpg\" alt=\"\" width=\"218\" height=\"164\" \/> <\/a><\/p>\n<p><a href=\"http:\/\/www.leseditionsdunet.com\/scientifique\/3402-dei-ex-machinis-volume-i-de-l-antiquite-a-hans-schlottheim-jean-arcady-meyer--9782312036625.html\">Lien de t\u00e9l\u00e9chargement<\/a><\/p>\n<p><a href=\"http:\/\/www.u-reed.com\/lecteur.php?id=3384&amp;width=580&amp;height=848&amp;bg=FFFFFF\"><span style=\"color: #3366ff;\">Peek<\/span><\/a><span style=\"color: #3366ff;\"> and <\/span><a href=\"http:\/\/www.leseditionsdunet.com\/scientifique\/3402-dei-ex-machinis-volume-i-de-l-antiquite-a-hans-schlottheim-jean-arcady-meyer--9782312036625.html\"><span style=\"color: #3366ff;\">Download<\/span><\/a><span style=\"color: #3366ff;\"> links<\/span><\/p>\n<p>Table des Mati\u00e8res<\/p>\n<p>Avant-Propos\u00a0\u00a0\u00a0 9<br \/>\nEnviron trente si\u00e8cles d&rsquo;automates\u00a0\u00a0\u00a0 13<br \/>\nAutomates et robots\u00a0\u00a0\u00a0 13<br \/>\nPerspective historique\u00a0\u00a0\u00a0 15<br \/>\nLes automates dans la litt\u00e9rature antique\u00a0\u00a0\u00a0 21<br \/>\nLitt\u00e9rature grecque\u00a0\u00a0\u00a0 21<br \/>\nLitt\u00e9rature latine\u00a0\u00a0\u00a0 27<br \/>\nLitt\u00e9rature chinoise\u00a0\u00a0\u00a0 28<br \/>\nLitt\u00e9rature indienne\u00a0\u00a0\u00a0 31<br \/>\nLu Ban (507-444 avant J.C.)\u00a0\u00a0\u00a0 37<br \/>\nLa vie de Lu Ban\u00a0\u00a0\u00a0 37<br \/>\nL&rsquo;\u0153uvre de Lu Ban\u00a0\u00a0\u00a0 38<br \/>\nArchytas de Tarente (vers 400 avant J.C.)\u00a0\u00a0\u00a0 43<br \/>\nLa vie d&rsquo;Archytas\u00a0\u00a0\u00a0 43<br \/>\nL&rsquo;\u0153uvre d&rsquo;Archytas\u00a0\u00a0\u00a0 45<br \/>\nCt\u00e9sibios (vers 250 avant J.C.)\u00a0\u00a0\u00a0 47<br \/>\nLa vie de Ct\u00e9sibios\u00a0\u00a0\u00a0 47<br \/>\nL&rsquo;\u0153uvre de Ct\u00e9sibios\u00a0\u00a0\u00a0 47<br \/>\nArchim\u00e8de (287 &#8211; 212 avant J.C.)\u00a0\u00a0\u00a0 53<br \/>\nLa vie d&rsquo;Archim\u00e8de\u00a0\u00a0\u00a0 53<br \/>\nL&rsquo;\u0153uvre d&rsquo;Archim\u00e8de\u00a0\u00a0\u00a0 56<br \/>\nLe Palimpseste d&rsquo;Archim\u00e8de\u00a0\u00a0\u00a0 57<br \/>\nArchim\u00e8de math\u00e9maticien\u00a0\u00a0\u00a0 60<br \/>\nArchim\u00e8de m\u00e9canicien\u00a0\u00a0\u00a0 63<br \/>\nLes automates d&rsquo;Archim\u00e8de\u00a0\u00a0\u00a0 66<br \/>\nPhilon de Byzance (vers 250 avant J.C.)\u00a0\u00a0\u00a0 71<br \/>\nVirgile (70 avant J.C. &#8211; 19)\u00a0\u00a0\u00a0 75<br \/>\nLa vie de Virgile\u00a0\u00a0\u00a0 75<br \/>\nL&rsquo;\u0153uvre de Virgile\u00a0\u00a0\u00a0 77<br \/>\nLes l\u00e9gendes associ\u00e9es \u00e0 Virgile\u00a0\u00a0\u00a0 79<br \/>\nL\u00e9gendes napolitaines\u00a0\u00a0\u00a0 80<br \/>\nL\u00e9gendes romaines\u00a0\u00a0\u00a0 83<br \/>\nH\u00e9ron d\u2019Alexandrie (1er si\u00e8cle apr\u00e8s J.C.)\u00a0\u00a0\u00a0 87<br \/>\nLa vie de H\u00e9ron\u00a0\u00a0\u00a0 87<br \/>\nL&rsquo;\u0153uvre de H\u00e9ron\u00a0\u00a0\u00a0 88<br \/>\nPneumatica\u00a0\u00a0\u00a0 88<br \/>\nAutomata\u00a0\u00a0\u00a0 90<br \/>\nMechanica\u00a0\u00a0\u00a0 95<br \/>\nMetrica\u00a0\u00a0\u00a0 95<br \/>\nDioptra\u00a0\u00a0\u00a0 96<br \/>\nBelopoeica\u00a0\u00a0\u00a0 97<br \/>\nCatoptrica\u00a0\u00a0\u00a0 97<br \/>\nZhang Heng (78-142)\u00a0\u00a0\u00a0 99<br \/>\nLa vie de Zhang Heng\u00a0\u00a0\u00a0 99<br \/>\nL&rsquo;\u0153uvre de Zhang Heng\u00a0\u00a0\u00a0 100<br \/>\nLa post\u00e9rit\u00e9 litt\u00e9raire de Zhang Heng\u00a0\u00a0\u00a0 100<br \/>\nLa post\u00e9rit\u00e9 scientifique de Zhang Heng\u00a0\u00a0\u00a0 101<br \/>\nYi Xing (683-727)\u00a0\u00a0\u00a0 105<br \/>\nLa vie de Yi Xing\u00a0\u00a0\u00a0 105<br \/>\nL&rsquo;\u0153uvre de Yi Xing\u00a0\u00a0\u00a0 106<br \/>\nL\u00e9on le Philosophe (790-869)\u00a0\u00a0\u00a0 109<br \/>\nLa vie de L\u00e9on\u00a0\u00a0\u00a0 109<br \/>\nL&rsquo;\u0153uvre de L\u00e9on\u00a0\u00a0\u00a0 111<br \/>\nLes fr\u00e8res Banu Musa (800-900)\u00a0\u00a0\u00a0 117<br \/>\nLes vies des fr\u00e8res Banu Musa\u00a0\u00a0\u00a0 117<br \/>\nL&rsquo;\u0153uvre des fr\u00e8res Banu Musa\u00a0\u00a0\u00a0 118<br \/>\nGerbert d&rsquo;Aurillac (938 &#8211; 1003)\u00a0\u00a0\u00a0 123<br \/>\nLa vie de Gerbert\u00a0\u00a0\u00a0 123<br \/>\nL&rsquo;\u0153uvre de Gerbert\u00a0\u00a0\u00a0 130<br \/>\nLa post\u00e9rit\u00e9 litt\u00e9raire de Gerbert\u00a0\u00a0\u00a0 130<br \/>\nLa post\u00e9rit\u00e9 scientifique de Gerbert\u00a0\u00a0\u00a0 131<br \/>\nLes l\u00e9gendes attach\u00e9es \u00e0 Gerbert\u00a0\u00a0\u00a0 135<br \/>\nBhoja (1000-1060)\u00a0\u00a0\u00a0 141<br \/>\nLa vie de Bhoja\u00a0\u00a0\u00a0 141<br \/>\nL&rsquo;\u0153uvre de Bhoja\u00a0\u00a0\u00a0 142<br \/>\nLa post\u00e9rit\u00e9 litt\u00e9raire de Bhoja\u00a0\u00a0\u00a0 144<br \/>\nLa post\u00e9rit\u00e9 scientifique de Bhoja\u00a0\u00a0\u00a0 144<br \/>\nSu Sung (1020-1101)\u00a0\u00a0\u00a0 147<br \/>\nLa vie de Su Sung\u00a0\u00a0\u00a0 147<br \/>\nL&rsquo;\u0153uvre de Su Sung\u00a0\u00a0\u00a0 149<br \/>\nal-Jazari (1136 &#8211; 1206)\u00a0\u00a0\u00a0 155<br \/>\nLa vie de al-Jazari\u00a0\u00a0\u00a0 155<br \/>\nL&rsquo;\u0153uvre d&rsquo;al-Jazari\u00a0\u00a0\u00a0 156<br \/>\nAlbert le Grand (1193 &#8211; 1280)\u00a0\u00a0\u00a0 163<br \/>\nLa vie d&rsquo;Albert le Grand\u00a0\u00a0\u00a0 163<br \/>\nL&rsquo;\u0153uvre d&rsquo;Albert le Grand\u00a0\u00a0\u00a0 167<br \/>\nLa post\u00e9rit\u00e9 litt\u00e9raire d&rsquo;Albert le Grand\u00a0\u00a0\u00a0 167<br \/>\nLa post\u00e9rit\u00e9 scientifique d&rsquo;Albert le Grand\u00a0\u00a0\u00a0 168<br \/>\nLes l\u00e9gendes attach\u00e9es \u00e0 Albert le Grand\u00a0\u00a0\u00a0 171<br \/>\nVillard de Honnecourt (1200-1270)\u00a0\u00a0\u00a0 177<br \/>\nLa vie de Villard de Honnecourt\u00a0\u00a0\u00a0 177<br \/>\nL&rsquo;\u0153uvre de Villard de Honnecourt\u00a0\u00a0\u00a0 178<br \/>\nRoger Bacon (1214 &#8211; 1292)\u00a0\u00a0\u00a0 185<br \/>\nLa vie de Roger Bacon\u00a0\u00a0\u00a0 185<br \/>\nL&rsquo;\u0153uvre de Roger Bacon\u00a0\u00a0\u00a0 192<br \/>\nLes l\u00e9gendes attach\u00e9es \u00e0 Roger Bacon\u00a0\u00a0\u00a0 193<br \/>\nLes automates\u00a0\u00a0\u00a0 193<br \/>\nLe manuscrit Voynich\u00a0\u00a0\u00a0 194<br \/>\nAnonyme (vers 1350)\u00a0\u00a0\u00a0 199<br \/>\nGiovanni Fontana (1393-1455)\u00a0\u00a0\u00a0 207<br \/>\nLa vie de Giovanni Fontana\u00a0\u00a0\u00a0 207<br \/>\nL&rsquo;\u0153uvre de Giovanni Fontana\u00a0\u00a0\u00a0 207<br \/>\nRegiomontanus (1436 &#8211; 1476)\u00a0\u00a0\u00a0 211<br \/>\nLa vie de Regiomontanus\u00a0\u00a0\u00a0 211<br \/>\nL&rsquo;\u0153uvre de Regiomontanus\u00a0\u00a0\u00a0 214<br \/>\nLe Calendrier (calendarium novum) de Regiomontanus\u00a0\u00a0\u00a0 215<br \/>\nLes automates de Regiomontanus\u00a0\u00a0\u00a0 217<br \/>\nL\u00e9onard de Vinci (1452 &#8211; 1519)\u00a0\u00a0\u00a0 221<br \/>\nLa vie de L\u00e9onard de Vinci\u00a0\u00a0\u00a0 221<br \/>\nL&rsquo;\u0153uvre de L\u00e9onard de Vinci\u00a0\u00a0\u00a0 227<br \/>\nLa post\u00e9rit\u00e9 artistique de L\u00e9onard de Vinci\u00a0\u00a0\u00a0 227<br \/>\nLa post\u00e9rit\u00e9 scientifique de L\u00e9onard de Vinci\u00a0\u00a0\u00a0 232<br \/>\nLes automates de L\u00e9onard\u00a0\u00a0\u00a0 236<br \/>\nGianello Torriano (1505 &#8211; 1585)\u00a0\u00a0\u00a0 249<br \/>\nLa vie de Gianello Torriano\u00a0\u00a0\u00a0 249<br \/>\nL&rsquo;\u0153uvre de Gianello Torriano\u00a0\u00a0\u00a0 254<br \/>\nLes horloges\u00a0\u00a0\u00a0 255<br \/>\nL&rsquo;Artificio\u00a0\u00a0\u00a0 257<br \/>\nAutomates\u00a0\u00a0\u00a0 258<br \/>\nConrad Dasypodius (1531-1601)\u00a0\u00a0\u00a0 261<br \/>\nLa vie de Conrad Dasypodius\u00a0\u00a0\u00a0 261<br \/>\nL&rsquo;\u0153uvre de Conrad Dasypodius\u00a0\u00a0\u00a0 262<br \/>\nAgostino Ramelli (1531 &#8211; 1608)\u00a0\u00a0\u00a0 269<br \/>\nLa vie d&rsquo;Agostino Ramelli\u00a0\u00a0\u00a0 269<br \/>\nL&rsquo;\u0153uvre d&rsquo;Agostino Ramelli\u00a0\u00a0\u00a0 270<br \/>\nHans Schlottheim (1545-1625)\u00a0\u00a0\u00a0 277<br \/>\nLa vie de Hans Schlottheim\u00a0\u00a0\u00a0 277<br \/>\nL&rsquo;\u0153uvre de Hans Schlottheim\u00a0\u00a0\u00a0 277<br \/>\nHorloges \u00e0 automates\u00a0\u00a0\u00a0 278<br \/>\nNefs \u00e0 automates\u00a0\u00a0\u00a0 279<br \/>\nAutres automates\u00a0\u00a0\u00a0 280<br \/>\nR\u00e9f\u00e9rences\u00a0\u00a0\u00a0 283<br \/>\nIndex des personnes\u00a0\u00a0\u00a0 297<br \/>\nIndex des automates\u00a0\u00a0\u00a0 305<br \/>\nTable des mati\u00e8res\u00a0\u00a0\u00a0 307<\/p>\n<p><a href=\"https:\/\/twitter.com\/share\" class=\"twitter-share-button\"{count} data-url=\"jean-arcadymeyer.fr\" data-text=\"Un site qui parle d'Intelligence Artificielle, d'automates, de robots bioinspir\u00e9s et d'animats http:\/\/jean-arcadymeyer.fr\" data-via=\"Felix_Quipotuit\" data-size=\"large\">Tweet<\/a><br \/>\n<script>!function(d,s,id){var js,fjs=d.getElementsByTagName(s)[0],p=\/^http:\/.test(d.location)?'http':'https';if(!d.getElementById(id)){js=d.createElement(s);js.id=id;js.src=p+':\/\/platform.twitter.com\/widgets.js';fjs.parentNode.insertBefore(js,fjs);}}(document, 'script', 'twitter-wjs');<\/script><\/p>\n","protected":false},"excerpt":{"rendered":"<p>&nbsp; Visualiser un extrait : Lien de t\u00e9l\u00e9chargement Peek and Download links Table des Mati\u00e8res Avant-Propos\u00a0\u00a0\u00a0 9 Environ trente si\u00e8cles d&rsquo;automates\u00a0\u00a0\u00a0 13 Automates et robots\u00a0\u00a0\u00a0 13 Perspective historique\u00a0\u00a0\u00a0 15 Les automates dans la litt\u00e9rature antique\u00a0\u00a0\u00a0 21 Litt\u00e9rature grecque\u00a0\u00a0\u00a0 21 Litt\u00e9rature &hellip; <a href=\"https:\/\/jean-arcadymeyer.fr\/index.php\/dei-ex-machinis\/dei-ex-machinis-vol-i\/\">Continuer la lecture <span class=\"meta-nav\">&rarr;<\/span><\/a><\/p>\n","protected":false},"author":1,"featured_media":0,"parent":158,"menu_order":0,"comment_status":"open","ping_status":"closed","template":"","meta":{"footnotes":""},"class_list":["post-388","page","type-page","status-publish","hentry"],"_links":{"self":[{"href":"https:\/\/jean-arcadymeyer.fr\/index.php\/wp-json\/wp\/v2\/pages\/388","targetHints":{"allow":["GET"]}}],"collection":[{"href":"https:\/\/jean-arcadymeyer.fr\/index.php\/wp-json\/wp\/v2\/pages"}],"about":[{"href":"https:\/\/jean-arcadymeyer.fr\/index.php\/wp-json\/wp\/v2\/types\/page"}],"author":[{"embeddable":true,"href":"https:\/\/jean-arcadymeyer.fr\/index.php\/wp-json\/wp\/v2\/users\/1"}],"replies":[{"embeddable":true,"href":"https:\/\/jean-arcadymeyer.fr\/index.php\/wp-json\/wp\/v2\/comments?post=388"}],"version-history":[{"count":11,"href":"https:\/\/jean-arcadymeyer.fr\/index.php\/wp-json\/wp\/v2\/pages\/388\/revisions"}],"predecessor-version":[{"id":548,"href":"https:\/\/jean-arcadymeyer.fr\/index.php\/wp-json\/wp\/v2\/pages\/388\/revisions\/548"}],"up":[{"embeddable":true,"href":"https:\/\/jean-arcadymeyer.fr\/index.php\/wp-json\/wp\/v2\/pages\/158"}],"wp:attachment":[{"href":"https:\/\/jean-arcadymeyer.fr\/index.php\/wp-json\/wp\/v2\/media?parent=388"}],"curies":[{"name":"wp","href":"https:\/\/api.w.org\/{rel}","templated":true}]}}