{"id":362,"date":"2015-06-10T17:56:11","date_gmt":"2015-06-10T16:56:11","guid":{"rendered":"http:\/\/jeanarcady.meyer.free.fr\/?page_id=362"},"modified":"2015-12-29T11:51:28","modified_gmt":"2015-12-29T10:51:28","slug":"jai-adopte-un-rat","status":"publish","type":"page","link":"https:\/\/jean-arcadymeyer.fr\/index.php\/jai-adopte-un-rat\/","title":{"rendered":"J&rsquo;ai adopt\u00e9 un rat&#8230;"},"content":{"rendered":"<p style=\"text-align: justify; padding-left: 30px;\"><a href=\"http:\/\/jean-arcadymeyer.fr\/wp-content\/uploads\/Troxartes1.jpg\"><img loading=\"lazy\" decoding=\"async\" class=\"alignleft size-full wp-image-477\" title=\"Troxartes\" src=\"http:\/\/jean-arcadymeyer.fr\/wp-content\/uploads\/Troxartes1.jpg\" alt=\"\" width=\"300\" height=\"187\" \/><\/a><\/p>\n<p>&#8230; et je l&rsquo;ai appel\u00e9 Troxart\u00e8s. Cet animal intelligent va \u00eatre entra\u00een\u00e9 \u00e0 d\u00e9tecter et \u00e0 signaler la pr\u00e9sence de mines et devrait contribuer \u00e0 <a href=\"https:\/\/www.apopo.org\/en\/\">sauver des vies.<\/a><a href=\"https:\/\/www.apopo.org\/en\/\"><br \/>\n<\/a><\/p>\n<p><a href=\"http:\/\/jean-arcadymeyer.fr\/wp-content\/uploads\/Troxartes2.jpg\"><img loading=\"lazy\" decoding=\"async\" class=\"aligncenter size-full wp-image-366\" title=\"Troxartes\" src=\"http:\/\/jean-arcadymeyer.fr\/wp-content\/uploads\/Troxartes2.jpg\" alt=\"\" width=\"575\" height=\"827\" \/><\/a>Pourquoi Troxart\u00e8s ? Mais, voyons, c&rsquo;est parce que ce \u00ab\u00a0Rongeur de cro\u00fbtons\u00a0\u00bb \u00e9tait le p\u00e8re de Psikharpax &#8211; le \u00ab\u00a0Voleur de miettes\u00a0\u00bb &#8211; dans la Batrachomyomachie !<\/p>\n<p><span style=\"color: #0000ff;\">I adopted a rat &#8230;<\/span><\/p>\n<p><span style=\"color: #0000ff;\"> &#8230; and \u00a0called it Troxart\u00e8s. This intelligent animal will be trained to detect and report the presence of mines and should contribute to saving lives.<\/span><\/p>\n<p><span style=\"color: #0000ff;\">Why Troxart\u00e8s? Come on ! It&rsquo;s because this \u00ab\u00a0Biter of croutons\u00a0\u00bb was the father of Psikharpax &#8211; the \u00ab\u00a0Thief of crumbs\u00a0\u00bb \u2013 in the Batrachomyomachia!<\/span><\/p>\n<p><a class=\"twitter-share-button\" href=\"https:\/\/twitter.com\/share\" data-url=\"jean-arcadymeyer.fr\" data-text=\"Un site qui parle d'Intelligence Artificielle, d'automates, de robots bioinspir\u00e9s et d'animats http:\/\/jean-arcadymeyer.fr\" data-via=\"Felix_Quipotuit\" data-size=\"large\">Tweet<\/a><br \/>\n<script>\/\/ <![CDATA[\n!function(d,s,id){var js,fjs=d.getElementsByTagName(s)[0],p=\/^http:\/.test(d.location)?'http':'https';if(!d.getElementById(id)){js=d.createElement(s);js.id=id;js.src=p+':\/\/platform.twitter.com\/widgets.js';fjs.parentNode.insertBefore(js,fjs);}}(document, 'script', 'twitter-wjs');\n\/\/ ]]><\/script><\/p>\n","protected":false},"excerpt":{"rendered":"<p>&#8230; et je l&rsquo;ai appel\u00e9 Troxart\u00e8s. Cet animal intelligent va \u00eatre entra\u00een\u00e9 \u00e0 d\u00e9tecter et \u00e0 signaler la pr\u00e9sence de mines et devrait contribuer \u00e0 sauver des vies. Pourquoi Troxart\u00e8s ? Mais, voyons, c&rsquo;est parce que ce \u00ab\u00a0Rongeur de cro\u00fbtons\u00a0\u00bb &hellip; <a href=\"https:\/\/jean-arcadymeyer.fr\/index.php\/jai-adopte-un-rat\/\">Continuer la lecture <span class=\"meta-nav\">&rarr;<\/span><\/a><\/p>\n","protected":false},"author":1,"featured_media":0,"parent":0,"menu_order":5,"comment_status":"open","ping_status":"closed","template":"","meta":{"footnotes":""},"class_list":["post-362","page","type-page","status-publish","hentry"],"_links":{"self":[{"href":"https:\/\/jean-arcadymeyer.fr\/index.php\/wp-json\/wp\/v2\/pages\/362","targetHints":{"allow":["GET"]}}],"collection":[{"href":"https:\/\/jean-arcadymeyer.fr\/index.php\/wp-json\/wp\/v2\/pages"}],"about":[{"href":"https:\/\/jean-arcadymeyer.fr\/index.php\/wp-json\/wp\/v2\/types\/page"}],"author":[{"embeddable":true,"href":"https:\/\/jean-arcadymeyer.fr\/index.php\/wp-json\/wp\/v2\/users\/1"}],"replies":[{"embeddable":true,"href":"https:\/\/jean-arcadymeyer.fr\/index.php\/wp-json\/wp\/v2\/comments?post=362"}],"version-history":[{"count":26,"href":"https:\/\/jean-arcadymeyer.fr\/index.php\/wp-json\/wp\/v2\/pages\/362\/revisions"}],"predecessor-version":[{"id":552,"href":"https:\/\/jean-arcadymeyer.fr\/index.php\/wp-json\/wp\/v2\/pages\/362\/revisions\/552"}],"wp:attachment":[{"href":"https:\/\/jean-arcadymeyer.fr\/index.php\/wp-json\/wp\/v2\/media?parent=362"}],"curies":[{"name":"wp","href":"https:\/\/api.w.org\/{rel}","templated":true}]}}