{"id":330,"date":"2015-01-09T21:04:29","date_gmt":"2015-01-09T20:04:29","guid":{"rendered":"http:\/\/jeanarcady.meyer.free.fr\/?page_id=330"},"modified":"2026-01-11T10:58:11","modified_gmt":"2026-01-11T09:58:11","slug":"330-2","status":"publish","type":"page","link":"https:\/\/jean-arcadymeyer.fr\/","title":{"rendered":"Accueil"},"content":{"rendered":"<p>Bonjour !<\/p>\n<p>Peut-\u00eatre qu&rsquo;un jour cette page finira par faire partie d&rsquo;un blog pr\u00e9sentable&#8230;<\/p>\n<p>Quoi qu&rsquo;il en soit, je suis un ex Directeur de Recherche \u00e9m\u00e9rite au CNRS, qui a travaill\u00e9 dans le domaine de la Bionique et de l&rsquo;Intelligence Artificielle en concevant des animats &#8211; c&rsquo;est-\u00e0-dire des sortes d&rsquo;animaux artificiels.<\/p>\n<p>Je suis ensuite pass\u00e9 des animats aux automates, des machines aux livres, d\u2019Alexandrie \u00e0 Delphes : un itin\u00e9raire vers le service apr\u00e8s-vente du savoir dont l\u2019incoh\u00e9rence n\u2019est qu\u2019apparente.<\/p>\n<p><span style=\"color: #0000ff;\">Hi !<\/span><\/p>\n<p><span class=\"HwtZe\" lang=\"en\" style=\"color: #0000ff;\"><span class=\"jCAhz ChMk0b\"><span class=\"ryNqvb\">Maybe one day this page will end up being part of a presentable blog\u2026<\/span><\/span> <\/span><\/p>\n<p><span class=\"HwtZe\" lang=\"en\" style=\"color: #0000ff;\"><span class=\"jCAhz ChMk0b\"><span class=\"ryNqvb\">Anyway, I am a former Emeritus Research Director at CNRS, who worked in the field of Bionics and Artificial Intelligence by designing animats &#8211; that is to say kinds of <\/span><\/span><span class=\"jCAhz ChMk0b\"><span class=\"ryNqvb\">artificial animals.<\/span><\/span> <\/span><\/p>\n<p><span style=\"color: #0000ff;\">I then moved from animats to automata, from machines to books, from Alexandria to Delphi: a journey toward the after-sales service of knowledge, whose apparent incoherence is deceptive.<\/span><\/p>\n<p><a class=\"twitter-share-button\" href=\"https:\/\/twitter.com\/share\" data-url=\"jean-arcadymeyer.fr\" data-text=\"Un site qui parle d'Intelligence Artificielle, d'automates, de robots bioinspir\u00e9s et d'animats http:\/\/jean-arcadymeyer.fr\" data-via=\"Felix_Quipotuit\" data-size=\"large\">Tweet<\/a><br \/><script>!function(d,s,id){var js,fjs=d.getElementsByTagName(s)[0],p=\/^http:\/.test(d.location)?'http':'https';if(!d.getElementById(id)){js=d.createElement(s);js.id=id;js.src=p+':\/\/platform.twitter.com\/widgets.js';fjs.parentNode.insertBefore(js,fjs);}}(document, 'script', 'twitter-wjs');<\/script><\/p>\n\n\n<p><\/p>\n","protected":false},"excerpt":{"rendered":"<p>Bonjour ! Peut-\u00eatre qu&rsquo;un jour cette page finira par faire partie d&rsquo;un blog pr\u00e9sentable&#8230; Quoi qu&rsquo;il en soit, je suis un ex Directeur de Recherche \u00e9m\u00e9rite au CNRS, qui a travaill\u00e9 dans le domaine de la Bionique et de l&rsquo;Intelligence &hellip; <a href=\"https:\/\/jean-arcadymeyer.fr\/\">Continuer la lecture <span class=\"meta-nav\">&rarr;<\/span><\/a><\/p>\n","protected":false},"author":1,"featured_media":0,"parent":0,"menu_order":0,"comment_status":"closed","ping_status":"closed","template":"","meta":{"footnotes":""},"class_list":["post-330","page","type-page","status-publish","hentry"],"_links":{"self":[{"href":"https:\/\/jean-arcadymeyer.fr\/index.php\/wp-json\/wp\/v2\/pages\/330","targetHints":{"allow":["GET"]}}],"collection":[{"href":"https:\/\/jean-arcadymeyer.fr\/index.php\/wp-json\/wp\/v2\/pages"}],"about":[{"href":"https:\/\/jean-arcadymeyer.fr\/index.php\/wp-json\/wp\/v2\/types\/page"}],"author":[{"embeddable":true,"href":"https:\/\/jean-arcadymeyer.fr\/index.php\/wp-json\/wp\/v2\/users\/1"}],"replies":[{"embeddable":true,"href":"https:\/\/jean-arcadymeyer.fr\/index.php\/wp-json\/wp\/v2\/comments?post=330"}],"version-history":[{"count":16,"href":"https:\/\/jean-arcadymeyer.fr\/index.php\/wp-json\/wp\/v2\/pages\/330\/revisions"}],"predecessor-version":[{"id":777,"href":"https:\/\/jean-arcadymeyer.fr\/index.php\/wp-json\/wp\/v2\/pages\/330\/revisions\/777"}],"wp:attachment":[{"href":"https:\/\/jean-arcadymeyer.fr\/index.php\/wp-json\/wp\/v2\/media?parent=330"}],"curies":[{"name":"wp","href":"https:\/\/api.w.org\/{rel}","templated":true}]}}