{"id":272,"date":"2014-02-17T11:15:06","date_gmt":"2014-02-17T10:15:06","guid":{"rendered":"http:\/\/jeanarcady.meyer.free.fr\/?page_id=272"},"modified":"2019-02-14T17:07:21","modified_gmt":"2019-02-14T16:07:21","slug":"quelques-conferences-et-articles-de-vulgarisation","status":"publish","type":"page","link":"https:\/\/jean-arcadymeyer.fr\/index.php\/mon-oeuvre\/quelques-conferences-et-articles-de-vulgarisation\/","title":{"rendered":"Quelques conf\u00e9rences et articles de vulgarisation"},"content":{"rendered":"<p><a href=\"http:\/\/jean-arcadymeyer.fr\/wp-content\/uploads\/Conference-UTLS.jpg\"><img loading=\"lazy\" decoding=\"async\" class=\"alignright size-full wp-image-495\" title=\"Conference UTLS\" src=\"http:\/\/jean-arcadymeyer.fr\/wp-content\/uploads\/Conference-UTLS.jpg\" alt=\"\" width=\"352\" height=\"260\"><\/a>En novembre 2002, j&rsquo;ai donn\u00e9 <a href=\"https:\/\/drive.google.com\/file\/d\/1Vtc8U8g40ljlnPk-tUlE5xhJ8Ou-i0k2\/view?usp=sharing\">une conf\u00e9rence sur les animats \u00e0 l&rsquo;Universit\u00e9 de Tous Les Savoirs.<\/a><\/p>\n<p>Quelque temps apr\u00e8s, j&rsquo;ai voulu savoir comment Aulu-Gelle avait d\u00e9crit <a href=\"https:\/\/drive.google.com\/file\/d\/1ToRq1WYDhW3HdqPEhBFn2P66Pds3ocCr\/view?usp=sharing\">la colombe d&rsquo;Archytas en latin<\/a> et comment il avait pu exprimer une id\u00e9e telle que <em>\u00ab Peut-\u00eatre que ce jouet aura un jour des applications pratiques<\/em> \u00bb. Je me suis alors aper\u00e7u qu&rsquo;il n&rsquo;avait jamais rien \u00e9crit de tel&#8230;<\/p>\n<p>Ma grand m\u00e8re disait souvent : <em>\u00ab un moment de honte est vite pass\u00e9 <\/em>\u00bb&#8230;&nbsp; Pourtant, je n&rsquo;ai jamais dig\u00e9r\u00e9 celui-l\u00e0.<\/p>\n<p>Toutefois, cette premi\u00e8re recherche sur Archytas et sa colombe m&rsquo;a donn\u00e9 l&rsquo;envie d&rsquo;en apprendre davantage et d&rsquo;aller explorer le monde des automates &#8211; lesquels constituent les anc\u00eatres des animats et robots bio-inspir\u00e9s actuels. J&rsquo;ai alors \u00e9t\u00e9 rapidement \u00e9bloui par l&rsquo;incroyable diversit\u00e9 de ces machines et par le g\u00e9nie des hommes qui les ont con\u00e7ues.<\/p>\n<p>C&rsquo;est ainsi que je me suis plong\u00e9 dans l&rsquo;\u00e9tude des vies et des \u0153uvres de ces hommes et que j&rsquo;ai consacr\u00e9 plusieurs ann\u00e9es \u00e0 cette activit\u00e9. Cela s&rsquo;est traduit par la r\u00e9daction d&rsquo;un manuscrit \u00e9pais intitul\u00e9 <a href=\"http:\/\/jean-arcadymeyer.fr\/?page_id=158\">Dei ex Machinis<\/a>&#8230;<\/p>\n<p>&#8230; par une conf\u00e9rence en anglais sur les <a href=\"https:\/\/drive.google.com\/file\/d\/1ot9_mYzwqNiQelKmQUMutfjMUz75pcQm\/view?usp=sharing\">automates de Leonard de Vinci<\/a><a href=\"http:\/\/jean-arcadymeyer.fr\/wp-content\/uploads\/Leonardos-automata-2015_08_10-01_07_11-UTC.jpg\"><img loading=\"lazy\" decoding=\"async\" class=\"wp-image-581 alignleft\" src=\"http:\/\/jean-arcadymeyer.fr\/wp-content\/uploads\/Leonardos-automata-2015_08_10-01_07_11-UTC.jpg\" alt=\"\" width=\"209\" height=\"158\" srcset=\"https:\/\/jean-arcadymeyer.fr\/wp-content\/uploads\/Leonardos-automata-2015_08_10-01_07_11-UTC.jpg 451w, https:\/\/jean-arcadymeyer.fr\/wp-content\/uploads\/Leonardos-automata-2015_08_10-01_07_11-UTC-300x227.jpg 300w\" sizes=\"auto, (max-width: 209px) 100vw, 209px\" \/><\/a> donn\u00e9e \u00e0 SAB2010 (Incidentally, admire how I can speak a marvelous accent, without the slightest English !)&#8230;<\/p>\n<p>&#8230; par l&rsquo;article<a href=\"https:\/\/drive.google.com\/file\/d\/1rjAR4Yljb8-8ODE3h9f9jT0WAIK-Uw04\/view?usp=sharing\"> Quels progr\u00e8s en trente si\u00e8cles d&rsquo;humano\u00efdes?<\/a> qui \u00e9voque l&rsquo;int\u00e9r\u00eat que l&rsquo;Homme a toujours port\u00e9 \u00e0 la confection d&rsquo;automates humano\u00efdes. Cet article est naturellement \u00e0 comparer \u00e0 ce que nous avons \u00e9crit sur les robots humano\u00efdes les plus r\u00e9cents dans l&rsquo;ouvrage <a href=\"http:\/\/jean-arcadymeyer.fr\/?page_id=77\"><em>Poulpe Fiction<\/em><\/a> \u00e9voqu\u00e9 ailleurs dans ces pages&#8230;<\/p>\n<p>&#8230; par l&rsquo;article <a href=\"https:\/\/drive.google.com\/file\/d\/1mKscRPNfiBPFdoRCuSj1_DjYVB0VIWNn\/view?usp=sharing\">La pr\u00e9histoire de l\u2019IA. Visite guid\u00e9e des automates et proto-robots con\u00e7us depuis l\u2019Antiquit\u00e9 jusqu\u2019au milieu du XX<sup>e<\/sup> si\u00e8cle <\/a>qui d\u00e9crit en quoi les automates du pass\u00e9 ont anticip\u00e9 sur les r\u00e9alisations et probl\u00e9matiques de l&rsquo;Intelligence Artificielle, notamment sur celles qui concernent les animats et la robotique bioinspir\u00e9e.<\/p>\n<p>Par ailleurs, les trois articles de vulgarisation suivants traitent des animats :<\/p>\n<p><a href=\"http:\/\/jean-arcadymeyer.fr\/wp-content\/uploads\/Articles-de-vulgarisation21.jpg\"><img loading=\"lazy\" decoding=\"async\" class=\"size-full wp-image-277 alignleft\" title=\"Articles de vulgarisation2\" src=\"http:\/\/jean-arcadymeyer.fr\/wp-content\/uploads\/Articles-de-vulgarisation21.jpg\" alt=\"\" width=\"560\" height=\"315\" srcset=\"https:\/\/jean-arcadymeyer.fr\/wp-content\/uploads\/Articles-de-vulgarisation21.jpg 448w, https:\/\/jean-arcadymeyer.fr\/wp-content\/uploads\/Articles-de-vulgarisation21-300x168.jpg 300w\" sizes=\"auto, (max-width: 560px) 100vw, 560px\" \/><\/a><\/p>\n<p>&nbsp;<\/p>\n<p>&nbsp;<\/p>\n<p>&nbsp;<\/p>\n<p>&nbsp;<\/p>\n<p>&nbsp;<\/p>\n<p>&nbsp;<\/p>\n<ul>\n<li style=\"text-align: left;\"><a href=\"https:\/\/drive.google.com\/file\/d\/1vYM0NgfPJefbEJhiJMm6AMKPb3zZq___\/view?usp=sharing\">Psikharpax, l&rsquo;ambition d&rsquo;\u00eatre un rat<\/a>. La Recherche 2002.<\/li>\n<li style=\"text-align: left;\"><a href=\"https:\/\/drive.google.com\/file\/d\/17DBQnu5xw4IAegNo7ONF167A_U67xHHG\/view?usp=sharing\">Vers une robotique animale<\/a>. Pour la Science 2002.<\/li>\n<li style=\"text-align: left;\"><a href=\"https:\/\/drive.google.com\/file\/d\/1ViYlUgOPzEa0RyiU23hvbfZEszehMBL7\/view?usp=sharing\n\">La robotique \u00e9volutionniste<\/a>. Pour la Science 2001.<\/li>\n<\/ul>\n<p>&nbsp;<\/p>\n<p><span style=\"color: #0000ff;\">In November 2002, I gave a lecture on animats at All Knowledge University.<\/span><\/p>\n<p><span style=\"color: #0000ff;\"> Some time later, I wanted to know how Aulus Gellius had described the dove of Archytas in Latin and how he could express an idea such as \u00ab\u00a0Maybe this toy will someday lead to practical applications.\u00a0\u00bb I then realized that he had never written anything like this&#8230;<\/span><\/p>\n<p><span style=\"color: #0000ff;\"> Contrary to what my grandmother used to say: \u00ab\u00a0a moment of shame passes quickly,\u00a0\u00bb I never digested this one.<\/span><\/p>\n<p><span style=\"color: #0000ff;\"> However, this preliminary approach to Archytas and his dove quickly triggered an envy to learn more and to explore the world of automata &#8211; which are the ancestors of today&rsquo;s animats and bio-inspired robots.&nbsp; I soon became impressed by the richness of this world and by the genius of the men who designed these machines.<\/span><\/p>\n<p><span style=\"color: #0000ff;\">I then delved into the study of the lives and works of these men and devoted several years to this activity which resulted in the drafting of a thick manuscript entitled \u00ab\u00a0Dei ex Machinis\u00a0\u00bb &#8230;<\/span><\/p>\n<p><span style=\"color: #0000ff;\"> &#8230; A lecture in English on Leonardo da Vinci&rsquo;s robots given at SAB2010. Entitled \u00ab\u00a0Leonardo&rsquo;s automata\u00a0\u00bb, it is viewable on iTunes (Incidentally, admire how I can speak a marvelous accent, without the slightest English!) &#8230;<\/span><\/p>\n<p><span style=\"color: #0000ff;\"> &#8230; the &nbsp;article \u00ab\u00a0Quels progr\u00e8s en trente si\u00e8cles d&rsquo;humano\u00efdes? \u00a0\u00bb evoking (in French) the interest that Man has always had for humanoid robots. This work should &nbsp;of course be compared to what we have written about the latest humanoid robots in the book \u00ab\u00a0Pulp Fiction\u00a0\u00bb mentioned elsewhere in these pages&#8230;<\/span><\/p>\n<p><span style=\"color: #0000ff;\">&#8230; the article \u00ab\u00a0La pr\u00e9histoire de l&rsquo;IA. Visite guid\u00e9e des automates et proto-robots con\u00e7us depuis l&rsquo;Antiquit\u00e9 jusqu&rsquo;au milieu du XXe si\u00e8cle\u00a0\u00bb which emphasizes (in French) how much some automata in the past had anticipated the mechanisms or questionings that characterize modern approaches to Artificial Intelligence, notably to animats&nbsp; and bio-inspired robotics.<\/span><\/p>\n<p><span style=\"color: #0000ff;\"> In addition, three popular articles deal with animats.<\/span><\/p>\n<p><a class=\"twitter-share-button\" href=\"https:\/\/twitter.com\/share\" data-url=\"jean-arcadymeyer.fr\" data-text=\"Un site qui parle d'Intelligence Artificielle, d'automates, de robots bioinspir\u00e9s et d'animats http:\/\/jean-arcadymeyer.fr\" data-via=\"Felix_Quipotuit\" data-size=\"large\">Tweet<\/a><br \/>\n<script>\/\/ <![CDATA[ !function(d,s,id){var js,fjs=d.getElementsByTagName(s)[0],p=\/^http:\/.test(d.location)?'http':'https';if(!d.getElementById(id)){js=d.createElement(s);js.id=id;js.src=p+':\/\/platform.twitter.com\/widgets.js';fjs.parentNode.insertBefore(js,fjs);}}(document, 'script', 'twitter-wjs'); \/\/ ]]><\/script><\/p>\n","protected":false},"excerpt":{"rendered":"<p>En novembre 2002, j&rsquo;ai donn\u00e9 une conf\u00e9rence sur les animats \u00e0 l&rsquo;Universit\u00e9 de Tous Les Savoirs. Quelque temps apr\u00e8s, j&rsquo;ai voulu savoir comment Aulu-Gelle avait d\u00e9crit la colombe d&rsquo;Archytas en latin et comment il avait pu exprimer une id\u00e9e telle &hellip; <a href=\"https:\/\/jean-arcadymeyer.fr\/index.php\/mon-oeuvre\/quelques-conferences-et-articles-de-vulgarisation\/\">Continuer la lecture <span class=\"meta-nav\">&rarr;<\/span><\/a><\/p>\n","protected":false},"author":1,"featured_media":0,"parent":39,"menu_order":3,"comment_status":"open","ping_status":"closed","template":"","meta":{"footnotes":""},"class_list":["post-272","page","type-page","status-publish","hentry"],"_links":{"self":[{"href":"https:\/\/jean-arcadymeyer.fr\/index.php\/wp-json\/wp\/v2\/pages\/272","targetHints":{"allow":["GET"]}}],"collection":[{"href":"https:\/\/jean-arcadymeyer.fr\/index.php\/wp-json\/wp\/v2\/pages"}],"about":[{"href":"https:\/\/jean-arcadymeyer.fr\/index.php\/wp-json\/wp\/v2\/types\/page"}],"author":[{"embeddable":true,"href":"https:\/\/jean-arcadymeyer.fr\/index.php\/wp-json\/wp\/v2\/users\/1"}],"replies":[{"embeddable":true,"href":"https:\/\/jean-arcadymeyer.fr\/index.php\/wp-json\/wp\/v2\/comments?post=272"}],"version-history":[{"count":51,"href":"https:\/\/jean-arcadymeyer.fr\/index.php\/wp-json\/wp\/v2\/pages\/272\/revisions"}],"predecessor-version":[{"id":646,"href":"https:\/\/jean-arcadymeyer.fr\/index.php\/wp-json\/wp\/v2\/pages\/272\/revisions\/646"}],"up":[{"embeddable":true,"href":"https:\/\/jean-arcadymeyer.fr\/index.php\/wp-json\/wp\/v2\/pages\/39"}],"wp:attachment":[{"href":"https:\/\/jean-arcadymeyer.fr\/index.php\/wp-json\/wp\/v2\/media?parent=272"}],"curies":[{"name":"wp","href":"https:\/\/api.w.org\/{rel}","templated":true}]}}