{"id":212,"date":"2014-01-24T15:23:48","date_gmt":"2014-01-24T14:23:48","guid":{"rendered":"http:\/\/jeanarcady.meyer.free.fr\/?page_id=212"},"modified":"2019-02-14T16:35:49","modified_gmt":"2019-02-14T15:35:49","slug":"cv-abrege","status":"publish","type":"page","link":"https:\/\/jean-arcadymeyer.fr\/index.php\/mon-oeuvre\/cv-abrege\/","title":{"rendered":"CV abr\u00e9g\u00e9"},"content":{"rendered":"<p style=\"text-align: justify;\">J&rsquo;ai termin\u00e9 ma carri\u00e8re en 2011 en tant que Directeur de Recherche \u00e9m\u00e9rite au CNRS, apr\u00e8s avoir travaill\u00e9 \u00e0 la conception de syst\u00e8mes artificiels adaptatifs &#8211; principalement des robots &#8211; inspir\u00e9s des animaux. Cela m&rsquo;a conduit \u00e0 fonder un journal (<a href=\"http:\/\/www.sagepub.com\/journalsProdDesc.nav?prodId=Journal201570#tabview=aimsAndScope\"><em>Adaptive Behavior<\/em><\/a>) et une soci\u00e9t\u00e9 savante (<a href=\"http:\/\/www.isab.org\/\"><em>International Society for Adaptive Behavior<\/em><\/a>), ainsi qu&rsquo;\u00e0 organiser la s\u00e9rie de conf\u00e9rences internationales SAB (<a href=\"http:\/\/jean-arcadymeyer.fr\/?page_id=83\"><em>Simulation of Adaptive Behavior : From Animals to Animats<\/em><\/a>), dans le but de promouvoir une nouvelle discipline des sciences cognitives &#8211; compl\u00e9mentaire de celle de l&rsquo;Intelligence Artificielle traditionnelle &#8211; que j&rsquo;ai appel\u00e9e <em>l&rsquo;<a href=\"https:\/\/drive.google.com\/file\/d\/1hJqJ1gOVIt5js82mFy03ap27JePPiPnt\/view?usp=sharing\">approche animat<\/a><\/em>. J&rsquo;ai fond\u00e9 et dirig\u00e9 l&rsquo;<em>AnimatLab<\/em>, un groupe de recherche successivement implant\u00e9 \u00e0 l&rsquo;<a href=\"http:\/\/www.ens.fr\/\">ENS<\/a>, au <a href=\"http:\/\/www.lip6.fr\/\">LIP6<\/a> et \u00e0 l&rsquo;<a href=\"http:\/\/www.isir.upmc.fr\/\">ISIR<\/a>. J&rsquo;ai co-\u00e9crit ou co-\u00e9dit\u00e9 une vingtaine d&rsquo;ouvrages et co-sign\u00e9 environ 150 publications scientifiques ou articles de vulgarisation.<\/p>\n<p style=\"text-align: justify;\"><span style=\"color: #0000ff;\">I finished my career in 2011 as an Emeritus Director of Research at CNRS, having worked on the design of adaptive artificial systems &#8211; mainly robots &#8211; inspired by animals. This led me to launch a journal (Adaptive Behavior) and an academic society (International Society for Adaptive Behavior) and to organize the series of international conferences SAB (Simulation of Adaptive Behavior: From Animals to Animats) in order to promote a new discipline in cognitive science &#8211; complementary to traditional Artificial Intelligence \u2013 that I called \u00ab\u00a0the animat approach\u00a0\u00bb. I founded and directed the AnimatLab, a research group successively implanted at ENS, LIP6 and ISIR. I co-authored or co-edited twenty books and co-authored about 150 scientific publications and popular articles.<\/span><\/p>\n<p><a href=\"https:\/\/twitter.com\/share\" class=\"twitter-share-button\" {count}=\"\" data-url=\"jean-arcadymeyer.fr\" data-text=\"Un site qui parle d'Intelligence Artificielle, d'automates, de robots bioinspir\u00e9s et d'animats http:\/\/jean-arcadymeyer.fr\" data-via=\"Felix_Quipotuit\" data-size=\"large\">Tweet<\/a><br \/>\n<script>!function(d,s,id){var js,fjs=d.getElementsByTagName(s)[0],p=\/^http:\/.test(d.location)?'http':'https';if(!d.getElementById(id)){js=d.createElement(s);js.id=id;js.src=p+':\/\/platform.twitter.com\/widgets.js';fjs.parentNode.insertBefore(js,fjs);}}(document, 'script', 'twitter-wjs');<\/script><\/p>\n","protected":false},"excerpt":{"rendered":"<p>J&rsquo;ai termin\u00e9 ma carri\u00e8re en 2011 en tant que Directeur de Recherche \u00e9m\u00e9rite au CNRS, apr\u00e8s avoir travaill\u00e9 \u00e0 la conception de syst\u00e8mes artificiels adaptatifs &#8211; principalement des robots &#8211; inspir\u00e9s des animaux. Cela m&rsquo;a conduit \u00e0 fonder un journal &hellip; <a href=\"https:\/\/jean-arcadymeyer.fr\/index.php\/mon-oeuvre\/cv-abrege\/\">Continuer la lecture <span class=\"meta-nav\">&rarr;<\/span><\/a><\/p>\n","protected":false},"author":1,"featured_media":0,"parent":39,"menu_order":0,"comment_status":"open","ping_status":"closed","template":"","meta":{"footnotes":""},"class_list":["post-212","page","type-page","status-publish","hentry"],"_links":{"self":[{"href":"https:\/\/jean-arcadymeyer.fr\/index.php\/wp-json\/wp\/v2\/pages\/212","targetHints":{"allow":["GET"]}}],"collection":[{"href":"https:\/\/jean-arcadymeyer.fr\/index.php\/wp-json\/wp\/v2\/pages"}],"about":[{"href":"https:\/\/jean-arcadymeyer.fr\/index.php\/wp-json\/wp\/v2\/types\/page"}],"author":[{"embeddable":true,"href":"https:\/\/jean-arcadymeyer.fr\/index.php\/wp-json\/wp\/v2\/users\/1"}],"replies":[{"embeddable":true,"href":"https:\/\/jean-arcadymeyer.fr\/index.php\/wp-json\/wp\/v2\/comments?post=212"}],"version-history":[{"count":26,"href":"https:\/\/jean-arcadymeyer.fr\/index.php\/wp-json\/wp\/v2\/pages\/212\/revisions"}],"predecessor-version":[{"id":601,"href":"https:\/\/jean-arcadymeyer.fr\/index.php\/wp-json\/wp\/v2\/pages\/212\/revisions\/601"}],"up":[{"embeddable":true,"href":"https:\/\/jean-arcadymeyer.fr\/index.php\/wp-json\/wp\/v2\/pages\/39"}],"wp:attachment":[{"href":"https:\/\/jean-arcadymeyer.fr\/index.php\/wp-json\/wp\/v2\/media?parent=212"}],"curies":[{"name":"wp","href":"https:\/\/api.w.org\/{rel}","templated":true}]}}