{"id":144,"date":"2014-01-21T17:18:35","date_gmt":"2014-01-21T16:18:35","guid":{"rendered":"http:\/\/jeanarcady.meyer.free.fr\/?page_id=144"},"modified":"2020-04-04T16:26:30","modified_gmt":"2020-04-04T15:26:30","slug":"pour-en-savoir-plus","status":"publish","type":"page","link":"https:\/\/jean-arcadymeyer.fr\/index.php\/mon-oeuvre\/pour-en-savoir-plus\/","title":{"rendered":"Pour en savoir plus"},"content":{"rendered":"<p>Vous pouvez consulter ma <strong><a href=\"https:\/\/drive.google.com\/file\/d\/1xuu-tfo6Jw3XrZLAewMbzpOI8IjiFftX\/view?usp=sharing\">Notice de Titres et Travaux<\/a><\/strong><\/p>\n<p><a href=\"http:\/\/jean-arcadymeyer.fr\/wp-content\/uploads\/JAM_Notice-Titres-Travaux.jpg\"><img loading=\"lazy\" decoding=\"async\" class=\"size-full wp-image-145 alignleft\" title=\"JAM_Notice Titres Travaux\" src=\"http:\/\/jean-arcadymeyer.fr\/wp-content\/uploads\/JAM_Notice-Titres-Travaux.jpg\" alt=\"\" width=\"267\" height=\"406\" \/><\/a><\/p>\n<p>Je crois cependant utile de pr\u00e9ciser qu&rsquo;il s&rsquo;agit d&rsquo;un document volumineux et aust\u00e8re, qui manque singuli\u00e8rement de gags hilarants.<\/p>\n<p style=\"text-align: left;\">N\u00e9anmoins, il raconte comment et pourquoi je me suis int\u00e9ress\u00e9 \u00e0 <em>l&rsquo;approche animat<\/em> et d\u00e9taille, en particulier, les recherches que j&rsquo;ai conduites dans le but de produire un oiseau et un rat artificiels.<\/p>\n<p style=\"text-align: left;\"><a href=\"http:\/\/jean-arcadymeyer.fr\/wp-content\/uploads\/Psikharpax.jpg\"><img loading=\"lazy\" decoding=\"async\" class=\"alignright size-full wp-image-191\" title=\"Paris-02 juin 2009-Institut des Syst\u00e8mes Intelligents et de Robotique ISIR. Le robot PSIKHARPAX.\" src=\"http:\/\/jean-arcadymeyer.fr\/wp-content\/uploads\/Psikharpax.jpg\" alt=\"\" width=\"369\" height=\"246\" srcset=\"https:\/\/jean-arcadymeyer.fr\/wp-content\/uploads\/Psikharpax.jpg 448w, https:\/\/jean-arcadymeyer.fr\/wp-content\/uploads\/Psikharpax-300x199.jpg 300w\" sizes=\"auto, (max-width: 369px) 100vw, 369px\" \/><\/a><\/p>\n<p style=\"text-align: right;\">\n<p>Le robot-rat Psikharpax est l&rsquo;un des sous-produits de cette coupable industrie.<\/p>\n<p>Le lecteur int\u00e9ress\u00e9 et anglophone pourra aussi consulter <a href=\"http:\/\/www.scholarpedia.org\/article\/Animat\">cet article<\/a> paru dans Scholarpedia, ainsi que <a href=\"https:\/\/drive.google.com\/file\/d\/1p1-m7TzBhx9xXMsuKpnr6l7eNyoHTv1Y\/view?usp=sharing\">celui-ci<\/a> paru dans le Handbook of Robotics.<\/p>\n<p>Enfin, les addicts aux \u00e9tranges lucarnes trouveront des extraits d&rsquo;un <a href=\"https:\/\/drive.google.com\/file\/d\/1M3xdMTICuwhjyzbP1RF8_8a0Sn32VT1h\/view?usp=sharing\">reportage ici <\/a>(\u00a9 France 2 \/ V.M. Productions &#8211; Mars 2000) et d&rsquo;une <a href=\"https:\/\/drive.google.com\/file\/d\/1ipgheGBDh18rWNUQglBlO9Ub5UyNyxaP\/view?usp=sharing\">interview l\u00e0<\/a> (\u00a9 LCI Science Info &#8211; Septembre 2001) .<\/p>\n<p><span style=\"color: #0000ff;\">To know more<\/span><\/p>\n<p><span style=\"color: #0000ff;\"> You can read my \u00ab\u00a0Leaflet \u00a0of Titles and Works\u00a0\u00bb.<\/span><\/p>\n<p><span style=\"color: #0000ff;\">However, I believe useful to mention that this is a large and austere document, which singularly lacks any hilarious jokes.<\/span><\/p>\n<p><span style=\"color: #0000ff;\"> Nevertheless, it explains how and why I got interested in the animat approach and provides details, in particular, about the research I have done in order to produce artificial animals like a bird and a rat.<\/span><\/p>\n<p><span style=\"color: #0000ff;\">The rat-robot Psikharpax is one of the byproducts of this reprehensible endeavour.<\/span><\/p>\n<p><span style=\"color: #0000ff;\"> English-speaking interested readers \u00a0may also consult an article in Scholarpedia, as well as another one that appeared in the Handbook of Robotics.<\/span><\/p>\n<p><span style=\"color: #0000ff;\"> Finally, for TV addicts, excerpts from a report\u00a0 (\u00a9 France 2 \/ VM Productions &#8211; March 2000) and from an interview\u00a0 (LCI \u00a9 Science News &#8211; September 2001) are available.<\/span><\/p>\n<p><a class=\"twitter-share-button\" href=\"https:\/\/twitter.com\/share\" data-url=\"jean-arcadymeyer.fr\" data-text=\"Un site qui parle d'Intelligence Artificielle, d'automates, de robots bioinspir\u00e9s et d'animats http:\/\/jean-arcadymeyer.fr\" data-via=\"Felix_Quipotuit\" data-size=\"large\">Tweet<\/a><br \/>\n<script>!function(d,s,id){var js,fjs=d.getElementsByTagName(s)[0],p=\/^http:\/.test(d.location)?'http':'https';if(!d.getElementById(id)){js=d.createElement(s);js.id=id;js.src=p+':\/\/platform.twitter.com\/widgets.js';fjs.parentNode.insertBefore(js,fjs);}}(document, 'script', 'twitter-wjs');<\/script><\/p>\n","protected":false},"excerpt":{"rendered":"<p>Vous pouvez consulter ma Notice de Titres et Travaux Je crois cependant utile de pr\u00e9ciser qu&rsquo;il s&rsquo;agit d&rsquo;un document volumineux et aust\u00e8re, qui manque singuli\u00e8rement de gags hilarants. N\u00e9anmoins, il raconte comment et pourquoi je me suis int\u00e9ress\u00e9 \u00e0 l&rsquo;approche &hellip; <a href=\"https:\/\/jean-arcadymeyer.fr\/index.php\/mon-oeuvre\/pour-en-savoir-plus\/\">Continuer la lecture <span class=\"meta-nav\">&rarr;<\/span><\/a><\/p>\n","protected":false},"author":1,"featured_media":0,"parent":39,"menu_order":4,"comment_status":"open","ping_status":"closed","template":"","meta":{"footnotes":""},"class_list":["post-144","page","type-page","status-publish","hentry"],"_links":{"self":[{"href":"https:\/\/jean-arcadymeyer.fr\/index.php\/wp-json\/wp\/v2\/pages\/144","targetHints":{"allow":["GET"]}}],"collection":[{"href":"https:\/\/jean-arcadymeyer.fr\/index.php\/wp-json\/wp\/v2\/pages"}],"about":[{"href":"https:\/\/jean-arcadymeyer.fr\/index.php\/wp-json\/wp\/v2\/types\/page"}],"author":[{"embeddable":true,"href":"https:\/\/jean-arcadymeyer.fr\/index.php\/wp-json\/wp\/v2\/users\/1"}],"replies":[{"embeddable":true,"href":"https:\/\/jean-arcadymeyer.fr\/index.php\/wp-json\/wp\/v2\/comments?post=144"}],"version-history":[{"count":24,"href":"https:\/\/jean-arcadymeyer.fr\/index.php\/wp-json\/wp\/v2\/pages\/144\/revisions"}],"predecessor-version":[{"id":649,"href":"https:\/\/jean-arcadymeyer.fr\/index.php\/wp-json\/wp\/v2\/pages\/144\/revisions\/649"}],"up":[{"embeddable":true,"href":"https:\/\/jean-arcadymeyer.fr\/index.php\/wp-json\/wp\/v2\/pages\/39"}],"wp:attachment":[{"href":"https:\/\/jean-arcadymeyer.fr\/index.php\/wp-json\/wp\/v2\/media?parent=144"}],"curies":[{"name":"wp","href":"https:\/\/api.w.org\/{rel}","templated":true}]}}