{"id":83,"date":"2014-01-19T10:14:40","date_gmt":"2014-01-19T09:14:40","guid":{"rendered":"http:\/\/jeanarcady.meyer.free.fr\/?page_id=83"},"modified":"2025-02-03T17:18:57","modified_gmt":"2025-02-03T16:18:57","slug":"83-2","status":"publish","type":"page","link":"http:\/\/jean-arcadymeyer.fr\/index.php\/mon-oeuvre\/quelques-livres-que-jai-fait-ecrire-a-dautres\/83-2\/","title":{"rendered":"Les conf\u00e9rences SAB"},"content":{"rendered":"<p>Avec mes coll\u00e8gues de l&rsquo;AnimatLab, j&rsquo;ai organis\u00e9 la premi\u00e8re conf\u00e9rence SAB \u00e0 Paris en 1990. Les suivantes se sont tenues tous les deux ans en divers pays mais avec retour, tous les dix ans, \u00e0 Paris. Les Actes correspondants ont \u00e9t\u00e9 publi\u00e9s par The MIT Press jusqu&rsquo;en 2004, par Springer Verlag ensuite.<\/p>\n<p>Depuis mon d\u00e9part \u00e0 la retraite, cette s\u00e9rie de conf\u00e9rences continue, mais je ne participe plus \u00e0 leur organisation. La\u00a0<a href=\"https:\/\/www.scienceofintelligence.de\/education\/sab-conference-2024\/\">derni\u00e8re en date<\/a> s&rsquo;est tenue en 2024 \u00e0 Irvine, en Californie. <a href=\"https:\/\/sab2026.scioi.de\/\">La prochaine<\/a> aura lieu en 2026 \u00e0 Berlin.<\/p>\n<p><a href=\"http:\/\/jean-arcadymeyer.fr\/wp-content\/uploads\/SAB1.jpg\"><img loading=\"lazy\" decoding=\"async\" class=\"size-full wp-image-249 alignleft\" title=\"SAB1\" src=\"http:\/\/jean-arcadymeyer.fr\/wp-content\/uploads\/SAB1.jpg\" alt=\"\" width=\"520\" height=\"234\" srcset=\"http:\/\/jean-arcadymeyer.fr\/wp-content\/uploads\/SAB1.jpg 712w, http:\/\/jean-arcadymeyer.fr\/wp-content\/uploads\/SAB1-300x134.jpg 300w\" sizes=\"auto, (max-width: 520px) 100vw, 520px\" \/><\/a><\/p>\n<p><a href=\"http:\/\/jean-arcadymeyer.fr\/wp-content\/uploads\/SAB2.jpg\"><img loading=\"lazy\" decoding=\"async\" class=\"size-full wp-image-250 alignleft\" title=\"SAB2\" src=\"http:\/\/jean-arcadymeyer.fr\/wp-content\/uploads\/SAB2.jpg\" alt=\"\" width=\"520\" height=\"233\" srcset=\"http:\/\/jean-arcadymeyer.fr\/wp-content\/uploads\/SAB2.jpg 710w, http:\/\/jean-arcadymeyer.fr\/wp-content\/uploads\/SAB2-300x133.jpg 300w\" sizes=\"auto, (max-width: 520px) 100vw, 520px\" \/><\/a><\/p>\n<p><a href=\"http:\/\/jean-arcadymeyer.fr\/wp-content\/uploads\/SAB31.jpg\"><img loading=\"lazy\" decoding=\"async\" class=\"size-full wp-image-252 alignleft\" title=\"SAB3\" src=\"http:\/\/jean-arcadymeyer.fr\/wp-content\/uploads\/SAB31.jpg\" alt=\"\" width=\"522\" height=\"235\" srcset=\"http:\/\/jean-arcadymeyer.fr\/wp-content\/uploads\/SAB31.jpg 729w, http:\/\/jean-arcadymeyer.fr\/wp-content\/uploads\/SAB31-300x134.jpg 300w\" sizes=\"auto, (max-width: 522px) 100vw, 522px\" \/><\/a><\/p>\n<p style=\"text-align: left;\"><a href=\"http:\/\/jean-arcadymeyer.fr\/wp-content\/uploads\/SAB4.jpg\"><img loading=\"lazy\" decoding=\"async\" class=\"size-full wp-image-253\" title=\"SAB4\" src=\"http:\/\/jean-arcadymeyer.fr\/wp-content\/uploads\/SAB4.jpg\" alt=\"\" width=\"350\" height=\"247\" srcset=\"http:\/\/jean-arcadymeyer.fr\/wp-content\/uploads\/SAB4.jpg 481w, http:\/\/jean-arcadymeyer.fr\/wp-content\/uploads\/SAB4-300x211.jpg 300w\" sizes=\"auto, (max-width: 350px) 100vw, 350px\" \/><\/a><\/p>\n<p style=\"text-align: left;\">A partir de la troisi\u00e8me conf\u00e9rence, toutes les affiches et toutes les illustrations de couverture ont \u00e9t\u00e9 r\u00e9alis\u00e9es par <a href=\"http:\/\/www.bedetheque.com\/auteur-5020-BD-Sole-Jean.html\">Jean Sol\u00e9<\/a>.<\/p>\n<p><span style=\"color: #0000ff;\">With my colleagues of the AnimatLab, I organized the first SAB conference in Paris in 1990. Following conferences were held every two years in different countries but returned every ten years in Paris. The corresponding acts have been published by The MIT Press until 2004, then by Springer Verlag.<\/span><\/p>\n<p><span style=\"color: #0000ff;\"> Since my retirement, this series of conferences continues, but I no longer participates in its organization. The last one was held in 2022, at Cergy Pontoise, France. The next one will be held in 2024, at Irvine, California.<br \/>\n<\/span><\/p>\n<p><span style=\"color: #0000ff;\">From the third conference, all the posters and all the cover illustrations were done by Jean Sol\u00e9.<\/span><\/p>\n<p><a class=\"twitter-share-button\" href=\"https:\/\/twitter.com\/share\" data-url=\"jean-arcadymeyer.fr\" data-text=\"Un site qui parle d'Intelligence Artificielle, d'automates, de robots bioinspir\u00e9s et d'animats http:\/\/jean-arcadymeyer.fr\" data-via=\"Felix_Quipotuit\" data-size=\"large\">Tweet<\/a><br \/>\n<script>\/\/ <![CDATA[\n!function(d,s,id){var js,fjs=d.getElementsByTagName(s)[0],p=\/^http:\/.test(d.location)?'http':'https';if(!d.getElementById(id)){js=d.createElement(s);js.id=id;js.src=p+':\/\/platform.twitter.com\/widgets.js';fjs.parentNode.insertBefore(js,fjs);}}(document, 'script', 'twitter-wjs');<br \/>\n\/\/ ]]><\/script><\/p>\n","protected":false},"excerpt":{"rendered":"<p>Avec mes coll\u00e8gues de l&rsquo;AnimatLab, j&rsquo;ai organis\u00e9 la premi\u00e8re conf\u00e9rence SAB \u00e0 Paris en 1990. Les suivantes se sont tenues tous les deux ans en divers pays mais avec retour, tous les dix ans, \u00e0 Paris. Les Actes correspondants ont &hellip; <a href=\"http:\/\/jean-arcadymeyer.fr\/index.php\/mon-oeuvre\/quelques-livres-que-jai-fait-ecrire-a-dautres\/83-2\/\">Continuer la lecture <span class=\"meta-nav\">&rarr;<\/span><\/a><\/p>\n","protected":false},"author":1,"featured_media":0,"parent":81,"menu_order":1,"comment_status":"open","ping_status":"open","template":"","meta":{"footnotes":""},"class_list":["post-83","page","type-page","status-publish","hentry"],"_links":{"self":[{"href":"http:\/\/jean-arcadymeyer.fr\/index.php\/wp-json\/wp\/v2\/pages\/83","targetHints":{"allow":["GET"]}}],"collection":[{"href":"http:\/\/jean-arcadymeyer.fr\/index.php\/wp-json\/wp\/v2\/pages"}],"about":[{"href":"http:\/\/jean-arcadymeyer.fr\/index.php\/wp-json\/wp\/v2\/types\/page"}],"author":[{"embeddable":true,"href":"http:\/\/jean-arcadymeyer.fr\/index.php\/wp-json\/wp\/v2\/users\/1"}],"replies":[{"embeddable":true,"href":"http:\/\/jean-arcadymeyer.fr\/index.php\/wp-json\/wp\/v2\/comments?post=83"}],"version-history":[{"count":27,"href":"http:\/\/jean-arcadymeyer.fr\/index.php\/wp-json\/wp\/v2\/pages\/83\/revisions"}],"predecessor-version":[{"id":721,"href":"http:\/\/jean-arcadymeyer.fr\/index.php\/wp-json\/wp\/v2\/pages\/83\/revisions\/721"}],"up":[{"embeddable":true,"href":"http:\/\/jean-arcadymeyer.fr\/index.php\/wp-json\/wp\/v2\/pages\/81"}],"wp:attachment":[{"href":"http:\/\/jean-arcadymeyer.fr\/index.php\/wp-json\/wp\/v2\/media?parent=83"}],"curies":[{"name":"wp","href":"https:\/\/api.w.org\/{rel}","templated":true}]}}